{"id":419,"date":"2013-01-06T12:43:15","date_gmt":"2013-01-06T12:43:15","guid":{"rendered":"http:\/\/inovado2.mintithemes.com\/?page_id=13"},"modified":"2023-06-06T10:42:07","modified_gmt":"2023-06-06T10:42:07","slug":"home-2","status":"publish","type":"page","link":"https:\/\/www.guardiancristal.es\/PRUEBA\/","title":{"rendered":"Home"},"content":{"rendered":"<p>[vc_row type=\u00bbfull_width_section\u00bb bg_position=\u00bbleft top\u00bb][vc_column width=\u00bb1\/1&#8243;]<div class=\"flexslider wpb_content_element\"><ul class=\"slides\"><li><img decoding=\"async\" src=\"https:\/\/www.guardiancristal.es\/PRUEBA\/wp-content\/uploads\/2023\/05\/1.png\" alt=\"\" \/><\/li><li><img decoding=\"async\" src=\"https:\/\/www.guardiancristal.es\/PRUEBA\/wp-content\/uploads\/2023\/06\/webCarrousel_home.png\" alt=\"\" \/><\/li><li><img decoding=\"async\" src=\"https:\/\/www.guardiancristal.es\/PRUEBA\/wp-content\/uploads\/2023\/05\/3.png\" alt=\"\" \/><\/li><li><img decoding=\"async\" src=\"https:\/\/www.guardiancristal.es\/PRUEBA\/wp-content\/uploads\/2023\/05\/4.png\" alt=\"\" \/><\/li><\/ul><\/div>[\/vc_column][\/vc_row][vc_row][vc_column width=\u00bb1\/1&#8243;][vc_row_inner][vc_column_inner]<div class=\"spacer\" style=\"height: 20px;\"><\/div>[vc_column_text]<\/p>\n<p style=\"text-align: right;\"><div class=\"divider divider3\" style='margin:30px 0 45px 0 !important;'><\/div>\n<p>[\/vc_column_text]<div class=\"single_image wpb_content_element align-left    \" data-animation=\"none\" data-delay=\"0\"><img fetchpriority=\"high\" decoding=\"async\" width=\"2000\" height=\"125\" src=\"https:\/\/www.guardiancristal.es\/PRUEBA\/wp-content\/uploads\/2023\/04\/titulos.png\" class=\"attachment-full\" alt=\"\" srcset=\"https:\/\/www.guardiancristal.es\/PRUEBA\/wp-content\/uploads\/2023\/04\/titulos.png 2000w, https:\/\/www.guardiancristal.es\/PRUEBA\/wp-content\/uploads\/2023\/04\/titulos-300x19.png 300w, https:\/\/www.guardiancristal.es\/PRUEBA\/wp-content\/uploads\/2023\/04\/titulos-1024x64.png 1024w, https:\/\/www.guardiancristal.es\/PRUEBA\/wp-content\/uploads\/2023\/04\/titulos-768x48.png 768w, https:\/\/www.guardiancristal.es\/PRUEBA\/wp-content\/uploads\/2023\/04\/titulos-1536x96.png 1536w\" sizes=\"(max-width: 2000px) 100vw, 2000px\" \/><\/div><div class=\"spacer\" style=\"height: 20px;\"><\/div>[\/vc_column_inner][\/vc_row_inner][vc_row_inner][vc_column_inner width=\u00bb1\/2&#8243;]<h1 class=\"headline font-inherit fontsize-m fontweight-400 lh-inherit align-left transform-inherit \" style=\"margin: 0 0 20px 0; color: #999999;\">Somos la empresa l\u00edder en soluciones de vidrio instaladas en Espa\u00f1a.<\/p>\n<p>Llevamos m\u00e1s de 15 a\u00f1os proporcionando servicios de alta calidad a empresas, arquitectos, decoradores, aseguradoras y clientes particulares por todo el pa\u00eds. Adem\u00e1s contamos con una oficina t\u00e9cnica que nos ayuda a dar un servicio completo a nuestros clientes, ofreci\u00e9ndoles siempre la mejor soluci\u00f3n adaptada a sus necesidades.<\/h1><div class=\"spacer\" style=\"height: 25px;\"><\/div><a href=\"https:\/\/www.guardiancristal.es\/PRUEBA\/quienesomos\/\" target=\"_self\" class=\"button button-appear custom small \" style=\"background-color: #013569; border-color: #013569;border-radius: 2px;\"><span>SABER M\u00c1S<i class='fa fa-chevron-right'><\/i><\/span><\/a>[\/vc_column_inner][vc_column_inner width=\u00bb1\/2&#8243;]<div class=\"single_image wpb_content_element align-right    \" data-animation=\"none\" data-delay=\"0\"><img decoding=\"async\" width=\"1024\" height=\"693\" src=\"https:\/\/www.guardiancristal.es\/PRUEBA\/wp-content\/uploads\/2023\/05\/right1-1024x693.png\" class=\"attachment-large\" alt=\"\" srcset=\"https:\/\/www.guardiancristal.es\/PRUEBA\/wp-content\/uploads\/2023\/05\/right1-1024x693.png 1024w, https:\/\/www.guardiancristal.es\/PRUEBA\/wp-content\/uploads\/2023\/05\/right1-300x203.png 300w, https:\/\/www.guardiancristal.es\/PRUEBA\/wp-content\/uploads\/2023\/05\/right1-768x520.png 768w, https:\/\/www.guardiancristal.es\/PRUEBA\/wp-content\/uploads\/2023\/05\/right1.png 1080w\" sizes=\"(max-width: 1024px) 100vw, 1024px\" \/><\/div>[\/vc_column_inner][\/vc_row_inner][\/vc_column][\/vc_row][vc_row][vc_column width=\u00bb1\/1&#8243;][vc_row_inner][vc_column_inner][vc_column_text]<\/p>\n<p style=\"text-align: right;\"><div class=\"divider divider3\" style='margin:30px 0 45px 0 !important;'><\/div>\n<p>[\/vc_column_text]<div class=\"single_image wpb_content_element align-center    \" data-animation=\"none\" data-delay=\"0\"><img decoding=\"async\" width=\"2000\" height=\"125\" src=\"https:\/\/www.guardiancristal.es\/PRUEBA\/wp-content\/uploads\/2023\/04\/que-podemos-hacer-por-ti.png\" class=\"attachment-full\" alt=\"\" srcset=\"https:\/\/www.guardiancristal.es\/PRUEBA\/wp-content\/uploads\/2023\/04\/que-podemos-hacer-por-ti.png 2000w, https:\/\/www.guardiancristal.es\/PRUEBA\/wp-content\/uploads\/2023\/04\/que-podemos-hacer-por-ti-300x19.png 300w, https:\/\/www.guardiancristal.es\/PRUEBA\/wp-content\/uploads\/2023\/04\/que-podemos-hacer-por-ti-1024x64.png 1024w, https:\/\/www.guardiancristal.es\/PRUEBA\/wp-content\/uploads\/2023\/04\/que-podemos-hacer-por-ti-768x48.png 768w, https:\/\/www.guardiancristal.es\/PRUEBA\/wp-content\/uploads\/2023\/04\/que-podemos-hacer-por-ti-1536x96.png 1536w\" sizes=\"(max-width: 2000px) 100vw, 2000px\" \/><\/div><div class=\"spacer\" style=\"height: 20px;\"><\/div>[\/vc_column_inner][\/vc_row_inner][vc_row_inner][vc_column_inner]<div class=\"headline font-inherit fontsize-m fontweight-400 lh-inherit align-center transform-inherit \" style=\"margin: 0 0 20px 0; color: #999999;\">Ofrecemos soluciones personalizadas que se ajustan a las necesidades espec\u00edficas de cada cliente.<br \/>\nBrindamos un servicio completo, en el que te acompa\u00f1amos en todo momento y nos adaptamos a tus necesidades siempre que lo necesites.<\/p>\n<p>Contamos con una amplia gama de vidrios Guardian, que nos permiten ofrecer una gran variedad de servicios entre los que destacamos los siguientes:<\/div>[\/vc_column_inner][\/vc_row_inner]<div class=\"spacer\" style=\"height: 20px;\"><\/div>[vc_row_inner][vc_column_inner width=\u00bb1\/3&#8243;]<a href=\"https:\/\/www.venstal.com\/\" target=\"_blank\" class=\"catimage wpb_content_element color-light\" style=\"height: 170px;\">\n\t\t\t<span style=\"background-image: url(https:\/\/www.guardiancristal.es\/PRUEBA\/wp-content\/uploads\/2023\/05\/venstal.png); height: 170px;\"><\/span>\n\t\t\t<div class=\"catimage-overlay clearfix\" style=\"height: 170px;\">\n\t\t\t\t<div class=\"catimage-text\"><\/div>\n\t\t\t<\/div><\/a><a href=\"https:\/\/www.guardiancristal.es\/PRUEBA\/barandillas\/\" target=\"_self\" class=\"catimage wpb_content_element color-light\" style=\"height: 170px;\">\n\t\t\t<span style=\"background-image: url(https:\/\/www.guardiancristal.es\/PRUEBA\/wp-content\/uploads\/2023\/05\/barandillas-1.png); height: 170px;\"><\/span>\n\t\t\t<div class=\"catimage-overlay clearfix\" style=\"height: 170px;\">\n\t\t\t\t<div class=\"catimage-text\"><\/div>\n\t\t\t<\/div><\/a>[\/vc_column_inner][vc_column_inner width=\u00bb1\/3&#8243;]<a href=\"https:\/\/www.guardiancristal.es\/PRUEBA\/que-hacemos-escaparates\/\" target=\"_self\" class=\"catimage wpb_content_element color-light\" style=\"height: 170px;\">\n\t\t\t<span style=\"background-image: url(https:\/\/www.guardiancristal.es\/PRUEBA\/wp-content\/uploads\/2023\/05\/escaparates-4-1.png); height: 170px;\"><\/span>\n\t\t\t<div class=\"catimage-overlay clearfix\" style=\"height: 170px;\">\n\t\t\t\t<div class=\"catimage-text\"><\/div>\n\t\t\t<\/div><\/a><a href=\"https:\/\/www.guardiancristal.es\/PRUEBA\/puertas\/\" target=\"_self\" class=\"catimage wpb_content_element color-light\" style=\"height: 170px;\">\n\t\t\t<span style=\"background-image: url(https:\/\/www.guardiancristal.es\/PRUEBA\/wp-content\/uploads\/2023\/05\/puertas-2-1.png); height: 170px;\"><\/span>\n\t\t\t<div class=\"catimage-overlay clearfix\" style=\"height: 170px;\">\n\t\t\t\t<div class=\"catimage-text\"><\/div>\n\t\t\t<\/div><\/a>[\/vc_column_inner][vc_column_inner width=\u00bb1\/3&#8243;]<a href=\"https:\/\/www.guardiancristal.es\/PRUEBA\/cerramientos\/\" target=\"_self\" class=\"catimage wpb_content_element color-light\" style=\"height: 170px;\">\n\t\t\t<span style=\"background-image: url(https:\/\/www.guardiancristal.es\/PRUEBA\/wp-content\/uploads\/2023\/05\/cerramientos-1-1.png); height: 170px;\"><\/span>\n\t\t\t<div class=\"catimage-overlay clearfix\" style=\"height: 170px;\">\n\t\t\t\t<div class=\"catimage-text\"><\/div>\n\t\t\t<\/div><\/a><a href=\"https:\/\/www.guardiancristal.es\/PRUEBA\/separadores\/\" target=\"_self\" class=\"catimage wpb_content_element color-light\" style=\"height: 170px;\">\n\t\t\t<span style=\"background-image: url(https:\/\/www.guardiancristal.es\/PRUEBA\/wp-content\/uploads\/2023\/05\/separadores-1.png); height: 170px;\"><\/span>\n\t\t\t<div class=\"catimage-overlay clearfix\" style=\"height: 170px;\">\n\t\t\t\t<div class=\"catimage-text\"><\/div>\n\t\t\t<\/div><\/a>[\/vc_column_inner][\/vc_row_inner]<div class=\"spacer\" style=\"height: 20px;\"><\/div>[\/vc_column][\/vc_row][vc_row][vc_column width=\u00bb1\/1&#8243;][vc_row_inner][vc_column_inner][vc_column_text]<\/p>\n<p style=\"text-align: right;\"><div class=\"divider divider3\" style='margin:30px 0 45px 0 !important;'><\/div>\n<p>[\/vc_column_text]<div class=\"single_image wpb_content_element align-center    \" data-animation=\"none\" data-delay=\"0\"><img loading=\"lazy\" decoding=\"async\" width=\"2000\" height=\"125\" src=\"https:\/\/www.guardiancristal.es\/PRUEBA\/wp-content\/uploads\/2023\/04\/nuestros-trabajos.png\" class=\"attachment-full\" alt=\"\" srcset=\"https:\/\/www.guardiancristal.es\/PRUEBA\/wp-content\/uploads\/2023\/04\/nuestros-trabajos.png 2000w, https:\/\/www.guardiancristal.es\/PRUEBA\/wp-content\/uploads\/2023\/04\/nuestros-trabajos-300x19.png 300w, https:\/\/www.guardiancristal.es\/PRUEBA\/wp-content\/uploads\/2023\/04\/nuestros-trabajos-1024x64.png 1024w, https:\/\/www.guardiancristal.es\/PRUEBA\/wp-content\/uploads\/2023\/04\/nuestros-trabajos-768x48.png 768w, https:\/\/www.guardiancristal.es\/PRUEBA\/wp-content\/uploads\/2023\/04\/nuestros-trabajos-1536x96.png 1536w\" sizes=\"(max-width: 2000px) 100vw, 2000px\" \/><\/div><div class=\"spacer\" style=\"height: 20px;\"><\/div>[\/vc_column_inner][\/vc_row_inner][vc_row_inner][vc_column_inner width=\u00bb1\/2&#8243;]<div class=\"headline font-inherit fontsize-m fontweight-400 lh-inherit align-left transform-inherit \" style=\"margin: 0 0 20px 0; color: #999999;\">Te presentamos algunos de nuestros \u00faltimos proyectos.<\/p>\n<p>Entre ellos podr\u00e1s encontrar desde edificios corporativos que necesitan una sustituci\u00f3n de vidrio, hasta boutiques de lujo que necesitan cambiar sus escaparates, pasando tambi\u00e9n por decoradores de interiores que quieren hacer separaciones de espacios en viviendas particulares.<\/div><div class=\"spacer\" style=\"height: 25px;\"><\/div><a href=\"https:\/\/www.guardiancristal.es\/PRUEBA\/quehacemos\/\" target=\"_self\" class=\"button button-appear custom small \" style=\"background-color: #013569; border-color: #013569;border-radius: 2px;\"><span>\u00a1EXPLORA!<i class='fa fa-chevron-right'><\/i><\/span><\/a>[\/vc_column_inner][vc_column_inner width=\u00bb1\/2&#8243;]<div class=\"flexslider wpb_content_element\"><ul class=\"slides\"><li><img decoding=\"async\" src=\"https:\/\/www.guardiancristal.es\/PRUEBA\/wp-content\/uploads\/2023\/05\/escaparates-3.png\" alt=\"\" \/><\/li><li><img decoding=\"async\" src=\"https:\/\/www.guardiancristal.es\/PRUEBA\/wp-content\/uploads\/2023\/05\/escaparates-4.png\" alt=\"\" \/><\/li><li><img decoding=\"async\" src=\"https:\/\/www.guardiancristal.es\/PRUEBA\/wp-content\/uploads\/2023\/05\/escaparates-10.png\" alt=\"\" \/><\/li><li><img decoding=\"async\" src=\"https:\/\/www.guardiancristal.es\/PRUEBA\/wp-content\/uploads\/2023\/05\/escaparates-7.png\" alt=\"\" \/><\/li><li><img decoding=\"async\" src=\"https:\/\/www.guardiancristal.es\/PRUEBA\/wp-content\/uploads\/2023\/05\/escaparates-11.png\" alt=\"\" \/><\/li><li><img decoding=\"async\" src=\"https:\/\/www.guardiancristal.es\/PRUEBA\/wp-content\/uploads\/2023\/05\/escaparates-9.png\" alt=\"\" \/><\/li><li><img decoding=\"async\" src=\"https:\/\/www.guardiancristal.es\/PRUEBA\/wp-content\/uploads\/2023\/05\/escaparates-2.png\" alt=\"\" \/><\/li><li><img decoding=\"async\" src=\"https:\/\/www.guardiancristal.es\/PRUEBA\/wp-content\/uploads\/2023\/05\/escaparates-8.png\" alt=\"\" \/><\/li><li><img decoding=\"async\" src=\"https:\/\/www.guardiancristal.es\/PRUEBA\/wp-content\/uploads\/2023\/05\/escaparates-5.png\" alt=\"\" \/><\/li><li><img decoding=\"async\" src=\"https:\/\/www.guardiancristal.es\/PRUEBA\/wp-content\/uploads\/2023\/05\/escaparates-6.png\" alt=\"\" \/><\/li><\/ul><\/div>[\/vc_column_inner][\/vc_row_inner][\/vc_column][\/vc_row][vc_row top_padding=\u00bb40&#8243; bottom_padding=\u00bb40&#8243; bg_position=\u00bbleft top\u00bb][vc_column width=\u00bb1\/1&#8243;][vc_column_text]<\/p>\n<p style=\"text-align: right;\"><div class=\"divider divider3\" style='margin:30px 0 45px 0 !important;'><\/div>\n<p>[\/vc_column_text]<div class=\"single_image wpb_content_element align-center    \" data-animation=\"none\" data-delay=\"0\"><img loading=\"lazy\" decoding=\"async\" width=\"2000\" height=\"125\" src=\"https:\/\/www.guardiancristal.es\/PRUEBA\/wp-content\/uploads\/2023\/04\/contactanos.png\" class=\"attachment-full\" alt=\"\" srcset=\"https:\/\/www.guardiancristal.es\/PRUEBA\/wp-content\/uploads\/2023\/04\/contactanos.png 2000w, https:\/\/www.guardiancristal.es\/PRUEBA\/wp-content\/uploads\/2023\/04\/contactanos-300x19.png 300w, https:\/\/www.guardiancristal.es\/PRUEBA\/wp-content\/uploads\/2023\/04\/contactanos-1024x64.png 1024w, https:\/\/www.guardiancristal.es\/PRUEBA\/wp-content\/uploads\/2023\/04\/contactanos-768x48.png 768w, https:\/\/www.guardiancristal.es\/PRUEBA\/wp-content\/uploads\/2023\/04\/contactanos-1536x96.png 1536w\" sizes=\"(max-width: 2000px) 100vw, 2000px\" \/><\/div>[vc_row_inner][vc_column_inner width=\u00bb1\/2&#8243;]<div class=\"headline font-inherit fontsize-m fontweight-400 lh-inherit align-left transform-inherit \" style=\"margin: 0 0 20px 0; color: #999999;\">\u00bfQuieres estar al d\u00eda con las noticias m\u00e1s recientes de Guardian Glass Services?<br \/>\n\u00a1Pincha aqu\u00ed para seguirnos en nuestras redes sociales y mantente informado sobre nuestros servicios, \u00faltimas novedades, ofertas y proyectos!<\/div><div class=\"spacer\" style=\"height: 20px;\"><\/div>[\/vc_column_inner][vc_column_inner width=\u00bb1\/2&#8243;]<div class=\"headline font-inherit fontsize-m fontweight-400 lh-inherit align-left transform-inherit \" style=\"margin: 0 0 20px 0; color: #999999;\">Con talleres en diversas localidades, brindamos una experiencia de calidad y personalizada de nuestros clientes, sin importar su ubicaci\u00f3n. Nuestro objetivo es ofrecer soluciones de vidrio que satisfagan las necesidades espec\u00edficas de cada uno de vosotros y vosotras.<\/div><div class=\"spacer\" style=\"height: 20px;\"><\/div>[\/vc_column_inner][\/vc_row_inner][vc_row_inner][vc_column_inner width=\u00bb1\/4&#8243;]<div class=\"single_image wpb_content_element align-left    \" data-animation=\"none\" data-delay=\"0\"><a href=\"https:\/\/www.instagram.com\/guardianglasservices\/\" target=\"_self\"><img loading=\"lazy\" decoding=\"async\" width=\"460\" height=\"297\" src=\"https:\/\/www.guardiancristal.es\/PRUEBA\/wp-content\/uploads\/2023\/05\/insta_contacto.png\" class=\"attachment-full\" alt=\"\" srcset=\"https:\/\/www.guardiancristal.es\/PRUEBA\/wp-content\/uploads\/2023\/05\/insta_contacto.png 460w, https:\/\/www.guardiancristal.es\/PRUEBA\/wp-content\/uploads\/2023\/05\/insta_contacto-300x194.png 300w\" sizes=\"(max-width: 460px) 100vw, 460px\" \/><\/a><\/div>[\/vc_column_inner][vc_column_inner width=\u00bb1\/4&#8243;]<div class=\"single_image wpb_content_element align-left    \" data-animation=\"none\" data-delay=\"0\"><a href=\"https:\/\/es.linkedin.com\/company\/guardianglasservices\" target=\"_self\"><img loading=\"lazy\" decoding=\"async\" width=\"461\" height=\"297\" src=\"https:\/\/www.guardiancristal.es\/PRUEBA\/wp-content\/uploads\/2023\/05\/linkedin_contacto.png\" class=\"attachment-full\" alt=\"\" srcset=\"https:\/\/www.guardiancristal.es\/PRUEBA\/wp-content\/uploads\/2023\/05\/linkedin_contacto.png 461w, https:\/\/www.guardiancristal.es\/PRUEBA\/wp-content\/uploads\/2023\/05\/linkedin_contacto-300x193.png 300w\" sizes=\"(max-width: 461px) 100vw, 461px\" \/><\/a><\/div>[\/vc_column_inner][vc_column_inner width=\u00bb1\/4&#8243;]<div class=\"single_image wpb_content_element align-left    \" data-animation=\"none\" data-delay=\"0\"><a href=\"tel:+34946719967\" target=\"_self\"><img loading=\"lazy\" decoding=\"async\" width=\"460\" height=\"298\" src=\"https:\/\/www.guardiancristal.es\/PRUEBA\/wp-content\/uploads\/2023\/05\/tel_contacto.png\" class=\"attachment-full\" alt=\"\" srcset=\"https:\/\/www.guardiancristal.es\/PRUEBA\/wp-content\/uploads\/2023\/05\/tel_contacto.png 460w, https:\/\/www.guardiancristal.es\/PRUEBA\/wp-content\/uploads\/2023\/05\/tel_contacto-300x194.png 300w\" sizes=\"(max-width: 460px) 100vw, 460px\" \/><\/a><\/div>[\/vc_column_inner][vc_column_inner width=\u00bb1\/4&#8243;]<div class=\"single_image wpb_content_element align-left    \" data-animation=\"none\" data-delay=\"0\"><a href=\"mailto:fhome@guardian.com\" target=\"_self\"><img loading=\"lazy\" decoding=\"async\" width=\"454\" height=\"294\" src=\"https:\/\/www.guardiancristal.es\/PRUEBA\/wp-content\/uploads\/2023\/05\/contacto_mail.png\" class=\"attachment-full\" alt=\"\" srcset=\"https:\/\/www.guardiancristal.es\/PRUEBA\/wp-content\/uploads\/2023\/05\/contacto_mail.png 454w, https:\/\/www.guardiancristal.es\/PRUEBA\/wp-content\/uploads\/2023\/05\/contacto_mail-300x194.png 300w\" sizes=\"(max-width: 454px) 100vw, 454px\" \/><\/a><\/div>[\/vc_column_inner][\/vc_row_inner][\/vc_column][\/vc_row]<\/p>\n","protected":false},"excerpt":{"rendered":"<p>[vc_row type=\u00bbfull_width_section\u00bb bg_position=\u00bbleft top\u00bb][vc_column width=\u00bb1\/1&#8243;][\/vc_column][\/vc_row][vc_row][vc_column width=\u00bb1\/1&#8243;][vc_row_inner][vc_column_inner][vc_column_text] [\/vc_column_text][\/vc_column_inner][\/vc_row_inner][vc_row_inner][vc_column_inner width=\u00bb1\/2&#8243;][\/vc_column_inner][vc_column_inner width=\u00bb1\/2&#8243;][\/vc_column_inner][\/vc_row_inner][\/vc_column][\/vc_row][vc_row][vc_column width=\u00bb1\/1&#8243;][vc_row_inner][vc_column_inner][vc_column_text] [\/vc_column_text][\/vc_column_inner][\/vc_row_inner][vc_row_inner][vc_column_inner][\/vc_column_inner][\/vc_row_inner][vc_row_inner][vc_column_inner width=\u00bb1\/3&#8243;][\/vc_column_inner][vc_column_inner width=\u00bb1\/3&#8243;][\/vc_column_inner][vc_column_inner width=\u00bb1\/3&#8243;][\/vc_column_inner][\/vc_row_inner][\/vc_column][\/vc_row][vc_row][vc_column width=\u00bb1\/1&#8243;][vc_row_inner][vc_column_inner][vc_column_text]&#8230;<\/p>\n","protected":false},"author":1,"featured_media":0,"parent":0,"menu_order":0,"comment_status":"closed","ping_status":"open","template":"","meta":{"footnotes":"","_joinchat":[]},"yoast_head":"<!-- This site is optimized with the Yoast SEO plugin v18.1 - https:\/\/yoast.com\/wordpress\/plugins\/seo\/ -->\n<title>Home -<\/title>\n<meta name=\"robots\" content=\"index, follow, max-snippet:-1, max-image-preview:large, max-video-preview:-1\" \/>\n<link rel=\"canonical\" href=\"https:\/\/www.guardiancristal.es\/PRUEBA\/\" \/>\n<meta property=\"og:locale\" content=\"es_ES\" \/>\n<meta property=\"og:type\" content=\"article\" \/>\n<meta property=\"og:title\" content=\"Home -\" \/>\n<meta property=\"og:description\" content=\"[vc_row type=\u00bbfull_width_section\u00bb bg_position=\u00bbleft top\u00bb][vc_column width=\u00bb1\/1&#8243;][\/vc_column][\/vc_row][vc_row][vc_column width=\u00bb1\/1&#8243;][vc_row_inner][vc_column_inner][vc_column_text] [\/vc_column_text][\/vc_column_inner][\/vc_row_inner][vc_row_inner][vc_column_inner width=\u00bb1\/2&#8243;][\/vc_column_inner][vc_column_inner width=\u00bb1\/2&#8243;][\/vc_column_inner][\/vc_row_inner][\/vc_column][\/vc_row][vc_row][vc_column width=\u00bb1\/1&#8243;][vc_row_inner][vc_column_inner][vc_column_text] [\/vc_column_text][\/vc_column_inner][\/vc_row_inner][vc_row_inner][vc_column_inner][\/vc_column_inner][\/vc_row_inner][vc_row_inner][vc_column_inner width=\u00bb1\/3&#8243;][\/vc_column_inner][vc_column_inner width=\u00bb1\/3&#8243;][\/vc_column_inner][vc_column_inner width=\u00bb1\/3&#8243;][\/vc_column_inner][\/vc_row_inner][\/vc_column][\/vc_row][vc_row][vc_column width=\u00bb1\/1&#8243;][vc_row_inner][vc_column_inner][vc_column_text]...\" \/>\n<meta property=\"og:url\" content=\"https:\/\/www.guardiancristal.es\/PRUEBA\/\" \/>\n<meta property=\"article:modified_time\" content=\"2023-06-06T10:42:07+00:00\" \/>\n<meta name=\"twitter:card\" content=\"summary_large_image\" \/>\n<meta name=\"twitter:label1\" content=\"Tiempo de lectura\" \/>\n\t<meta name=\"twitter:data1\" content=\"2 minutos\" \/>\n<script type=\"application\/ld+json\" class=\"yoast-schema-graph\">{\"@context\":\"https:\/\/schema.org\",\"@graph\":[{\"@type\":\"WebSite\",\"@id\":\"https:\/\/www.guardiancristal.es\/PRUEBA\/#website\",\"url\":\"https:\/\/www.guardiancristal.es\/PRUEBA\/\",\"name\":\"\",\"description\":\"\",\"potentialAction\":[{\"@type\":\"SearchAction\",\"target\":{\"@type\":\"EntryPoint\",\"urlTemplate\":\"https:\/\/www.guardiancristal.es\/PRUEBA\/?s={search_term_string}\"},\"query-input\":\"required name=search_term_string\"}],\"inLanguage\":\"es\"},{\"@type\":\"WebPage\",\"@id\":\"https:\/\/www.guardiancristal.es\/PRUEBA\/#webpage\",\"url\":\"https:\/\/www.guardiancristal.es\/PRUEBA\/\",\"name\":\"Home -\",\"isPartOf\":{\"@id\":\"https:\/\/www.guardiancristal.es\/PRUEBA\/#website\"},\"datePublished\":\"2013-01-06T12:43:15+00:00\",\"dateModified\":\"2023-06-06T10:42:07+00:00\",\"breadcrumb\":{\"@id\":\"https:\/\/www.guardiancristal.es\/PRUEBA\/#breadcrumb\"},\"inLanguage\":\"es\",\"potentialAction\":[{\"@type\":\"ReadAction\",\"target\":[\"https:\/\/www.guardiancristal.es\/PRUEBA\/\"]}]},{\"@type\":\"BreadcrumbList\",\"@id\":\"https:\/\/www.guardiancristal.es\/PRUEBA\/#breadcrumb\",\"itemListElement\":[{\"@type\":\"ListItem\",\"position\":1,\"name\":\"Portada\",\"item\":\"https:\/\/www.guardiancristal.es\/PRUEBA\/\"},{\"@type\":\"ListItem\",\"position\":2,\"name\":\"Home\"}]}]}<\/script>\n<!-- \/ Yoast SEO plugin. -->","yoast_head_json":{"title":"Home -","robots":{"index":"index","follow":"follow","max-snippet":"max-snippet:-1","max-image-preview":"max-image-preview:large","max-video-preview":"max-video-preview:-1"},"canonical":"https:\/\/www.guardiancristal.es\/PRUEBA\/","og_locale":"es_ES","og_type":"article","og_title":"Home -","og_description":"[vc_row type=\u00bbfull_width_section\u00bb bg_position=\u00bbleft top\u00bb][vc_column width=\u00bb1\/1&#8243;][\/vc_column][\/vc_row][vc_row][vc_column width=\u00bb1\/1&#8243;][vc_row_inner][vc_column_inner][vc_column_text] [\/vc_column_text][\/vc_column_inner][\/vc_row_inner][vc_row_inner][vc_column_inner width=\u00bb1\/2&#8243;][\/vc_column_inner][vc_column_inner width=\u00bb1\/2&#8243;][\/vc_column_inner][\/vc_row_inner][\/vc_column][\/vc_row][vc_row][vc_column width=\u00bb1\/1&#8243;][vc_row_inner][vc_column_inner][vc_column_text] [\/vc_column_text][\/vc_column_inner][\/vc_row_inner][vc_row_inner][vc_column_inner][\/vc_column_inner][\/vc_row_inner][vc_row_inner][vc_column_inner width=\u00bb1\/3&#8243;][\/vc_column_inner][vc_column_inner width=\u00bb1\/3&#8243;][\/vc_column_inner][vc_column_inner width=\u00bb1\/3&#8243;][\/vc_column_inner][\/vc_row_inner][\/vc_column][\/vc_row][vc_row][vc_column width=\u00bb1\/1&#8243;][vc_row_inner][vc_column_inner][vc_column_text]...","og_url":"https:\/\/www.guardiancristal.es\/PRUEBA\/","article_modified_time":"2023-06-06T10:42:07+00:00","twitter_card":"summary_large_image","twitter_misc":{"Tiempo de lectura":"2 minutos"},"schema":{"@context":"https:\/\/schema.org","@graph":[{"@type":"WebSite","@id":"https:\/\/www.guardiancristal.es\/PRUEBA\/#website","url":"https:\/\/www.guardiancristal.es\/PRUEBA\/","name":"","description":"","potentialAction":[{"@type":"SearchAction","target":{"@type":"EntryPoint","urlTemplate":"https:\/\/www.guardiancristal.es\/PRUEBA\/?s={search_term_string}"},"query-input":"required name=search_term_string"}],"inLanguage":"es"},{"@type":"WebPage","@id":"https:\/\/www.guardiancristal.es\/PRUEBA\/#webpage","url":"https:\/\/www.guardiancristal.es\/PRUEBA\/","name":"Home -","isPartOf":{"@id":"https:\/\/www.guardiancristal.es\/PRUEBA\/#website"},"datePublished":"2013-01-06T12:43:15+00:00","dateModified":"2023-06-06T10:42:07+00:00","breadcrumb":{"@id":"https:\/\/www.guardiancristal.es\/PRUEBA\/#breadcrumb"},"inLanguage":"es","potentialAction":[{"@type":"ReadAction","target":["https:\/\/www.guardiancristal.es\/PRUEBA\/"]}]},{"@type":"BreadcrumbList","@id":"https:\/\/www.guardiancristal.es\/PRUEBA\/#breadcrumb","itemListElement":[{"@type":"ListItem","position":1,"name":"Portada","item":"https:\/\/www.guardiancristal.es\/PRUEBA\/"},{"@type":"ListItem","position":2,"name":"Home"}]}]}},"_links":{"self":[{"href":"https:\/\/www.guardiancristal.es\/PRUEBA\/wp-json\/wp\/v2\/pages\/419"}],"collection":[{"href":"https:\/\/www.guardiancristal.es\/PRUEBA\/wp-json\/wp\/v2\/pages"}],"about":[{"href":"https:\/\/www.guardiancristal.es\/PRUEBA\/wp-json\/wp\/v2\/types\/page"}],"author":[{"embeddable":true,"href":"https:\/\/www.guardiancristal.es\/PRUEBA\/wp-json\/wp\/v2\/users\/1"}],"replies":[{"embeddable":true,"href":"https:\/\/www.guardiancristal.es\/PRUEBA\/wp-json\/wp\/v2\/comments?post=419"}],"version-history":[{"count":264,"href":"https:\/\/www.guardiancristal.es\/PRUEBA\/wp-json\/wp\/v2\/pages\/419\/revisions"}],"predecessor-version":[{"id":17886,"href":"https:\/\/www.guardiancristal.es\/PRUEBA\/wp-json\/wp\/v2\/pages\/419\/revisions\/17886"}],"wp:attachment":[{"href":"https:\/\/www.guardiancristal.es\/PRUEBA\/wp-json\/wp\/v2\/media?parent=419"}],"curies":[{"name":"wp","href":"https:\/\/api.w.org\/{rel}","templated":true}]}}