{"id":17775,"date":"2023-05-26T13:49:57","date_gmt":"2023-05-26T13:49:57","guid":{"rendered":"https:\/\/www.guardiancristal.es\/PRUEBA\/?page_id=17775"},"modified":"2023-06-01T13:39:33","modified_gmt":"2023-06-01T13:39:33","slug":"separadores","status":"publish","type":"page","link":"https:\/\/www.guardiancristal.es\/PRUEBA\/separadores\/","title":{"rendered":"Separadores"},"content":{"rendered":"<p>[vc_row][vc_column width=\u00bb1\/1&#8243;]<div class=\"spacer\" style=\"height: 30px;\"><\/div><div class=\"single_image wpb_content_element align-left    \" data-animation=\"none\" data-delay=\"0\"><img fetchpriority=\"high\" decoding=\"async\" width=\"2000\" height=\"250\" src=\"https:\/\/www.guardiancristal.es\/PRUEBA\/wp-content\/uploads\/2023\/05\/separadores-2.png\" class=\"attachment-full\" alt=\"\" srcset=\"https:\/\/www.guardiancristal.es\/PRUEBA\/wp-content\/uploads\/2023\/05\/separadores-2.png 2000w, https:\/\/www.guardiancristal.es\/PRUEBA\/wp-content\/uploads\/2023\/05\/separadores-2-300x38.png 300w, https:\/\/www.guardiancristal.es\/PRUEBA\/wp-content\/uploads\/2023\/05\/separadores-2-1024x128.png 1024w, https:\/\/www.guardiancristal.es\/PRUEBA\/wp-content\/uploads\/2023\/05\/separadores-2-768x96.png 768w, https:\/\/www.guardiancristal.es\/PRUEBA\/wp-content\/uploads\/2023\/05\/separadores-2-1536x192.png 1536w\" sizes=\"(max-width: 2000px) 100vw, 2000px\" \/><\/div>[vc_column_text]<\/p>\n<p style=\"text-align: right;\"><div class=\"divider divider3\" style='margin:30px 0 45px 0 !important;'><\/div>\n<p>[\/vc_column_text][\/vc_column][\/vc_row][vc_row][vc_column width=\u00bb1\/1&#8243;]<div class=\"single_image wpb_content_element align-left    \" data-animation=\"none\" data-delay=\"0\"><img decoding=\"async\" width=\"2000\" height=\"125\" src=\"https:\/\/www.guardiancristal.es\/PRUEBA\/wp-content\/uploads\/2023\/05\/separadores-1-1.png\" class=\"attachment-full\" alt=\"\" srcset=\"https:\/\/www.guardiancristal.es\/PRUEBA\/wp-content\/uploads\/2023\/05\/separadores-1-1.png 2000w, https:\/\/www.guardiancristal.es\/PRUEBA\/wp-content\/uploads\/2023\/05\/separadores-1-1-300x19.png 300w, https:\/\/www.guardiancristal.es\/PRUEBA\/wp-content\/uploads\/2023\/05\/separadores-1-1-1024x64.png 1024w, https:\/\/www.guardiancristal.es\/PRUEBA\/wp-content\/uploads\/2023\/05\/separadores-1-1-768x48.png 768w, https:\/\/www.guardiancristal.es\/PRUEBA\/wp-content\/uploads\/2023\/05\/separadores-1-1-1536x96.png 1536w\" sizes=\"(max-width: 2000px) 100vw, 2000px\" \/><\/div>[vc_row_inner][vc_column_inner width=\u00bb1\/2&#8243;]<div class=\"headline font-inherit fontsize-m fontweight-400 lh-inherit align-left transform-inherit \" style=\"margin: 0; color: #999999;\">En Guardian Glass Services, ofrecemos servicios de separadores de cristal personalizados tanto para particulares como para empresas. Nuestros separadores de cristal est\u00e1n dise\u00f1ados a medida utilizando materiales de alta calidad, brindando soluciones funcionales y est\u00e9ticas para tus espacios. Adem\u00e1s, contamos con una amplia gama de mamparas de cristal especialmente dise\u00f1adas para particulares, proporcionando privacidad y delimitando \u00e1reas en hogares y espacios residenciales. Conf\u00eda en nuestra experiencia y profesionalidad en la instalaci\u00f3n de separadores de cristal y mamparas para mejorar tus ambientes.<\/p>\n<p>Descubre c\u00f3mo nuestros servicios de separadores y mamparas de cristal pueden transformar tus espacios en algo excepcional.<\/div><div class=\"spacer\" style=\"height: 20px;\"><\/div><a href=\"https:\/\/www.guardiancristal.es\/PRUEBA\/contacto-ggs\/\" target=\"_self\" class=\"button button-appear custom small \" style=\"background-color: #013569; border-color: #013569;border-radius: 2px;\"><span>\u00a1CU\u00c9NTANOS TU IDEA!<i class='fa fa-chevron-right'><\/i><\/span><\/a>[\/vc_column_inner][vc_column_inner width=\u00bb1\/2&#8243;]<div class=\"single_image wpb_content_element align-right    \" data-animation=\"none\" data-delay=\"0\"><img decoding=\"async\" width=\"1024\" height=\"742\" src=\"https:\/\/www.guardiancristal.es\/PRUEBA\/wp-content\/uploads\/2023\/05\/separadores-2-1-1024x742.png\" class=\"attachment-large\" alt=\"\" srcset=\"https:\/\/www.guardiancristal.es\/PRUEBA\/wp-content\/uploads\/2023\/05\/separadores-2-1-1024x742.png 1024w, https:\/\/www.guardiancristal.es\/PRUEBA\/wp-content\/uploads\/2023\/05\/separadores-2-1-300x218.png 300w, https:\/\/www.guardiancristal.es\/PRUEBA\/wp-content\/uploads\/2023\/05\/separadores-2-1-768x557.png 768w, https:\/\/www.guardiancristal.es\/PRUEBA\/wp-content\/uploads\/2023\/05\/separadores-2-1.png 1080w\" sizes=\"(max-width: 1024px) 100vw, 1024px\" \/><\/div><div class=\"single_image wpb_content_element align-right    \" data-animation=\"none\" data-delay=\"0\"><img loading=\"lazy\" decoding=\"async\" width=\"1000\" height=\"400\" src=\"https:\/\/www.guardiancristal.es\/PRUEBA\/wp-content\/uploads\/2023\/06\/caracteristicasSeparadores.png\" class=\"attachment-large\" alt=\"\" srcset=\"https:\/\/www.guardiancristal.es\/PRUEBA\/wp-content\/uploads\/2023\/06\/caracteristicasSeparadores.png 1000w, https:\/\/www.guardiancristal.es\/PRUEBA\/wp-content\/uploads\/2023\/06\/caracteristicasSeparadores-300x120.png 300w, https:\/\/www.guardiancristal.es\/PRUEBA\/wp-content\/uploads\/2023\/06\/caracteristicasSeparadores-768x307.png 768w\" sizes=\"(max-width: 1000px) 100vw, 1000px\" \/><\/div>[\/vc_column_inner][\/vc_row_inner][\/vc_column][\/vc_row][vc_row][vc_column width=\u00bb1\/1&#8243;]<div class=\"spacer\" style=\"height: 40px;\"><\/div>[\/vc_column][\/vc_row]<\/p>\n","protected":false},"excerpt":{"rendered":"<p>[vc_row][vc_column width=\u00bb1\/1&#8243;][vc_column_text] [\/vc_column_text][\/vc_column][\/vc_row][vc_row][vc_column width=\u00bb1\/1&#8243;][vc_row_inner][vc_column_inner width=\u00bb1\/2&#8243;][\/vc_column_inner][vc_column_inner width=\u00bb1\/2&#8243;][\/vc_column_inner][\/vc_row_inner][\/vc_column][\/vc_row][vc_row][vc_column width=\u00bb1\/1&#8243;][\/vc_column][\/vc_row]<\/p>\n","protected":false},"author":1,"featured_media":0,"parent":0,"menu_order":0,"comment_status":"closed","ping_status":"closed","template":"","meta":{"footnotes":"","_joinchat":[]},"yoast_head":"<!-- This site is optimized with the Yoast SEO plugin v18.1 - https:\/\/yoast.com\/wordpress\/plugins\/seo\/ -->\n<title>Separadores -<\/title>\n<meta name=\"robots\" content=\"index, follow, max-snippet:-1, max-image-preview:large, max-video-preview:-1\" \/>\n<link rel=\"canonical\" href=\"https:\/\/www.guardiancristal.es\/PRUEBA\/separadores\/\" \/>\n<meta property=\"og:locale\" content=\"es_ES\" \/>\n<meta property=\"og:type\" content=\"article\" \/>\n<meta property=\"og:title\" content=\"Separadores -\" \/>\n<meta property=\"og:description\" content=\"[vc_row][vc_column width=\u00bb1\/1&#8243;][vc_column_text] [\/vc_column_text][\/vc_column][\/vc_row][vc_row][vc_column width=\u00bb1\/1&#8243;][vc_row_inner][vc_column_inner width=\u00bb1\/2&#8243;][\/vc_column_inner][vc_column_inner width=\u00bb1\/2&#8243;][\/vc_column_inner][\/vc_row_inner][\/vc_column][\/vc_row][vc_row][vc_column width=\u00bb1\/1&#8243;][\/vc_column][\/vc_row]\" \/>\n<meta property=\"og:url\" content=\"https:\/\/www.guardiancristal.es\/PRUEBA\/separadores\/\" \/>\n<meta property=\"article:modified_time\" content=\"2023-06-01T13:39:33+00:00\" \/>\n<meta name=\"twitter:card\" content=\"summary_large_image\" \/>\n<meta name=\"twitter:label1\" content=\"Tiempo de lectura\" \/>\n\t<meta name=\"twitter:data1\" content=\"1 minuto\" \/>\n<script type=\"application\/ld+json\" class=\"yoast-schema-graph\">{\"@context\":\"https:\/\/schema.org\",\"@graph\":[{\"@type\":\"WebSite\",\"@id\":\"https:\/\/www.guardiancristal.es\/PRUEBA\/#website\",\"url\":\"https:\/\/www.guardiancristal.es\/PRUEBA\/\",\"name\":\"\",\"description\":\"\",\"potentialAction\":[{\"@type\":\"SearchAction\",\"target\":{\"@type\":\"EntryPoint\",\"urlTemplate\":\"https:\/\/www.guardiancristal.es\/PRUEBA\/?s={search_term_string}\"},\"query-input\":\"required name=search_term_string\"}],\"inLanguage\":\"es\"},{\"@type\":\"WebPage\",\"@id\":\"https:\/\/www.guardiancristal.es\/PRUEBA\/separadores\/#webpage\",\"url\":\"https:\/\/www.guardiancristal.es\/PRUEBA\/separadores\/\",\"name\":\"Separadores -\",\"isPartOf\":{\"@id\":\"https:\/\/www.guardiancristal.es\/PRUEBA\/#website\"},\"datePublished\":\"2023-05-26T13:49:57+00:00\",\"dateModified\":\"2023-06-01T13:39:33+00:00\",\"breadcrumb\":{\"@id\":\"https:\/\/www.guardiancristal.es\/PRUEBA\/separadores\/#breadcrumb\"},\"inLanguage\":\"es\",\"potentialAction\":[{\"@type\":\"ReadAction\",\"target\":[\"https:\/\/www.guardiancristal.es\/PRUEBA\/separadores\/\"]}]},{\"@type\":\"BreadcrumbList\",\"@id\":\"https:\/\/www.guardiancristal.es\/PRUEBA\/separadores\/#breadcrumb\",\"itemListElement\":[{\"@type\":\"ListItem\",\"position\":1,\"name\":\"Portada\",\"item\":\"https:\/\/www.guardiancristal.es\/PRUEBA\/\"},{\"@type\":\"ListItem\",\"position\":2,\"name\":\"Separadores\"}]}]}<\/script>\n<!-- \/ Yoast SEO plugin. -->","yoast_head_json":{"title":"Separadores -","robots":{"index":"index","follow":"follow","max-snippet":"max-snippet:-1","max-image-preview":"max-image-preview:large","max-video-preview":"max-video-preview:-1"},"canonical":"https:\/\/www.guardiancristal.es\/PRUEBA\/separadores\/","og_locale":"es_ES","og_type":"article","og_title":"Separadores -","og_description":"[vc_row][vc_column width=\u00bb1\/1&#8243;][vc_column_text] [\/vc_column_text][\/vc_column][\/vc_row][vc_row][vc_column width=\u00bb1\/1&#8243;][vc_row_inner][vc_column_inner width=\u00bb1\/2&#8243;][\/vc_column_inner][vc_column_inner width=\u00bb1\/2&#8243;][\/vc_column_inner][\/vc_row_inner][\/vc_column][\/vc_row][vc_row][vc_column width=\u00bb1\/1&#8243;][\/vc_column][\/vc_row]","og_url":"https:\/\/www.guardiancristal.es\/PRUEBA\/separadores\/","article_modified_time":"2023-06-01T13:39:33+00:00","twitter_card":"summary_large_image","twitter_misc":{"Tiempo de lectura":"1 minuto"},"schema":{"@context":"https:\/\/schema.org","@graph":[{"@type":"WebSite","@id":"https:\/\/www.guardiancristal.es\/PRUEBA\/#website","url":"https:\/\/www.guardiancristal.es\/PRUEBA\/","name":"","description":"","potentialAction":[{"@type":"SearchAction","target":{"@type":"EntryPoint","urlTemplate":"https:\/\/www.guardiancristal.es\/PRUEBA\/?s={search_term_string}"},"query-input":"required name=search_term_string"}],"inLanguage":"es"},{"@type":"WebPage","@id":"https:\/\/www.guardiancristal.es\/PRUEBA\/separadores\/#webpage","url":"https:\/\/www.guardiancristal.es\/PRUEBA\/separadores\/","name":"Separadores -","isPartOf":{"@id":"https:\/\/www.guardiancristal.es\/PRUEBA\/#website"},"datePublished":"2023-05-26T13:49:57+00:00","dateModified":"2023-06-01T13:39:33+00:00","breadcrumb":{"@id":"https:\/\/www.guardiancristal.es\/PRUEBA\/separadores\/#breadcrumb"},"inLanguage":"es","potentialAction":[{"@type":"ReadAction","target":["https:\/\/www.guardiancristal.es\/PRUEBA\/separadores\/"]}]},{"@type":"BreadcrumbList","@id":"https:\/\/www.guardiancristal.es\/PRUEBA\/separadores\/#breadcrumb","itemListElement":[{"@type":"ListItem","position":1,"name":"Portada","item":"https:\/\/www.guardiancristal.es\/PRUEBA\/"},{"@type":"ListItem","position":2,"name":"Separadores"}]}]}},"_links":{"self":[{"href":"https:\/\/www.guardiancristal.es\/PRUEBA\/wp-json\/wp\/v2\/pages\/17775"}],"collection":[{"href":"https:\/\/www.guardiancristal.es\/PRUEBA\/wp-json\/wp\/v2\/pages"}],"about":[{"href":"https:\/\/www.guardiancristal.es\/PRUEBA\/wp-json\/wp\/v2\/types\/page"}],"author":[{"embeddable":true,"href":"https:\/\/www.guardiancristal.es\/PRUEBA\/wp-json\/wp\/v2\/users\/1"}],"replies":[{"embeddable":true,"href":"https:\/\/www.guardiancristal.es\/PRUEBA\/wp-json\/wp\/v2\/comments?post=17775"}],"version-history":[{"count":3,"href":"https:\/\/www.guardiancristal.es\/PRUEBA\/wp-json\/wp\/v2\/pages\/17775\/revisions"}],"predecessor-version":[{"id":17879,"href":"https:\/\/www.guardiancristal.es\/PRUEBA\/wp-json\/wp\/v2\/pages\/17775\/revisions\/17879"}],"wp:attachment":[{"href":"https:\/\/www.guardiancristal.es\/PRUEBA\/wp-json\/wp\/v2\/media?parent=17775"}],"curies":[{"name":"wp","href":"https:\/\/api.w.org\/{rel}","templated":true}]}}