{"id":17769,"date":"2023-05-26T13:36:18","date_gmt":"2023-05-26T13:36:18","guid":{"rendered":"https:\/\/www.guardiancristal.es\/PRUEBA\/?page_id=17769"},"modified":"2023-06-01T13:37:50","modified_gmt":"2023-06-01T13:37:50","slug":"puertas","status":"publish","type":"page","link":"https:\/\/www.guardiancristal.es\/PRUEBA\/puertas\/","title":{"rendered":"Puertas"},"content":{"rendered":"<p>[vc_row][vc_column width=\u00bb1\/1&#8243;]<div class=\"spacer\" style=\"height: 30px;\"><\/div><div class=\"single_image wpb_content_element align-left    \" data-animation=\"none\" data-delay=\"0\"><img fetchpriority=\"high\" decoding=\"async\" width=\"2000\" height=\"250\" src=\"https:\/\/www.guardiancristal.es\/PRUEBA\/wp-content\/uploads\/2023\/05\/puertas-3.png\" class=\"attachment-full\" alt=\"\" srcset=\"https:\/\/www.guardiancristal.es\/PRUEBA\/wp-content\/uploads\/2023\/05\/puertas-3.png 2000w, https:\/\/www.guardiancristal.es\/PRUEBA\/wp-content\/uploads\/2023\/05\/puertas-3-300x38.png 300w, https:\/\/www.guardiancristal.es\/PRUEBA\/wp-content\/uploads\/2023\/05\/puertas-3-1024x128.png 1024w, https:\/\/www.guardiancristal.es\/PRUEBA\/wp-content\/uploads\/2023\/05\/puertas-3-768x96.png 768w, https:\/\/www.guardiancristal.es\/PRUEBA\/wp-content\/uploads\/2023\/05\/puertas-3-1536x192.png 1536w\" sizes=\"(max-width: 2000px) 100vw, 2000px\" \/><\/div>[vc_column_text]<\/p>\n<p style=\"text-align: right;\"><div class=\"divider divider3\" style='margin:30px 0 45px 0 !important;'><\/div>\n<p>[\/vc_column_text][\/vc_column][\/vc_row][vc_row][vc_column width=\u00bb1\/1&#8243;]<div class=\"single_image wpb_content_element align-left    \" data-animation=\"none\" data-delay=\"0\"><img decoding=\"async\" width=\"2000\" height=\"125\" src=\"https:\/\/www.guardiancristal.es\/PRUEBA\/wp-content\/uploads\/2023\/05\/puertas-4.png\" class=\"attachment-full\" alt=\"\" srcset=\"https:\/\/www.guardiancristal.es\/PRUEBA\/wp-content\/uploads\/2023\/05\/puertas-4.png 2000w, https:\/\/www.guardiancristal.es\/PRUEBA\/wp-content\/uploads\/2023\/05\/puertas-4-300x19.png 300w, https:\/\/www.guardiancristal.es\/PRUEBA\/wp-content\/uploads\/2023\/05\/puertas-4-1024x64.png 1024w, https:\/\/www.guardiancristal.es\/PRUEBA\/wp-content\/uploads\/2023\/05\/puertas-4-768x48.png 768w, https:\/\/www.guardiancristal.es\/PRUEBA\/wp-content\/uploads\/2023\/05\/puertas-4-1536x96.png 1536w\" sizes=\"(max-width: 2000px) 100vw, 2000px\" \/><\/div>[vc_row_inner][vc_column_inner width=\u00bb1\/2&#8243;]<div class=\"headline font-inherit fontsize-m fontweight-400 lh-inherit align-left transform-inherit \" style=\"margin: 0; color: #999999;\">Nuestras puertas de cristal combinan elegancia y funcionalidad, aportando un toque moderno y sofisticado a cualquier espacio. Con una amplia gama de dise\u00f1os y estilos, nuestras puertas de cristal se adaptan perfectamente a diferentes ambientes y requisitos. Garantizamos la m\u00e1xima calidad en materiales y acabados, junto con una instalaci\u00f3n profesional y duradera. Descubre c\u00f3mo nuestras puertas de cristal pueden transformar tus espacios y crear una impresi\u00f3n memorable.<\/p>\n<p>\u00a1Contacta con nosotros y descubre nuestras soluciones en puertas de cristal personalizadas para ti!<\/div><div class=\"spacer\" style=\"height: 20px;\"><\/div><a href=\"https:\/\/www.guardiancristal.es\/PRUEBA\/contacto-ggs\/\" target=\"_self\" class=\"button button-appear custom small \" style=\"background-color: #013569; border-color: #013569;border-radius: 2px;\"><span>\u00a1CU\u00c9NTANOS TU IDEA!<i class='fa fa-chevron-right'><\/i><\/span><\/a>[\/vc_column_inner][vc_column_inner width=\u00bb1\/2&#8243;]<div class=\"single_image wpb_content_element align-right    \" data-animation=\"none\" data-delay=\"0\"><img decoding=\"async\" width=\"1024\" height=\"741\" src=\"https:\/\/www.guardiancristal.es\/PRUEBA\/wp-content\/uploads\/2023\/05\/puertas-3-1-1024x741.png\" class=\"attachment-large\" alt=\"\" srcset=\"https:\/\/www.guardiancristal.es\/PRUEBA\/wp-content\/uploads\/2023\/05\/puertas-3-1-1024x741.png 1024w, https:\/\/www.guardiancristal.es\/PRUEBA\/wp-content\/uploads\/2023\/05\/puertas-3-1-300x217.png 300w, https:\/\/www.guardiancristal.es\/PRUEBA\/wp-content\/uploads\/2023\/05\/puertas-3-1-768x555.png 768w, https:\/\/www.guardiancristal.es\/PRUEBA\/wp-content\/uploads\/2023\/05\/puertas-3-1.png 1080w\" sizes=\"(max-width: 1024px) 100vw, 1024px\" \/><\/div><div class=\"single_image wpb_content_element align-right    \" data-animation=\"none\" data-delay=\"0\"><img loading=\"lazy\" decoding=\"async\" width=\"1000\" height=\"400\" src=\"https:\/\/www.guardiancristal.es\/PRUEBA\/wp-content\/uploads\/2023\/06\/caracteristicasPuertas.png\" class=\"attachment-large\" alt=\"\" srcset=\"https:\/\/www.guardiancristal.es\/PRUEBA\/wp-content\/uploads\/2023\/06\/caracteristicasPuertas.png 1000w, https:\/\/www.guardiancristal.es\/PRUEBA\/wp-content\/uploads\/2023\/06\/caracteristicasPuertas-300x120.png 300w, https:\/\/www.guardiancristal.es\/PRUEBA\/wp-content\/uploads\/2023\/06\/caracteristicasPuertas-768x307.png 768w\" sizes=\"(max-width: 1000px) 100vw, 1000px\" \/><\/div>[\/vc_column_inner][\/vc_row_inner][\/vc_column][\/vc_row][vc_row][vc_column width=\u00bb1\/1&#8243;]<div class=\"spacer\" style=\"height: 40px;\"><\/div>[\/vc_column][\/vc_row]<\/p>\n","protected":false},"excerpt":{"rendered":"<p>[vc_row][vc_column width=\u00bb1\/1&#8243;][vc_column_text] [\/vc_column_text][\/vc_column][\/vc_row][vc_row][vc_column width=\u00bb1\/1&#8243;][vc_row_inner][vc_column_inner width=\u00bb1\/2&#8243;][\/vc_column_inner][vc_column_inner width=\u00bb1\/2&#8243;][\/vc_column_inner][\/vc_row_inner][\/vc_column][\/vc_row][vc_row][vc_column width=\u00bb1\/1&#8243;][\/vc_column][\/vc_row]<\/p>\n","protected":false},"author":1,"featured_media":0,"parent":0,"menu_order":0,"comment_status":"closed","ping_status":"closed","template":"","meta":{"footnotes":"","_joinchat":[]},"yoast_head":"<!-- This site is optimized with the Yoast SEO plugin v18.1 - https:\/\/yoast.com\/wordpress\/plugins\/seo\/ -->\n<title>Puertas -<\/title>\n<meta name=\"robots\" content=\"index, follow, max-snippet:-1, max-image-preview:large, max-video-preview:-1\" \/>\n<link rel=\"canonical\" href=\"https:\/\/www.guardiancristal.es\/PRUEBA\/puertas\/\" \/>\n<meta property=\"og:locale\" content=\"es_ES\" \/>\n<meta property=\"og:type\" content=\"article\" \/>\n<meta property=\"og:title\" content=\"Puertas -\" \/>\n<meta property=\"og:description\" content=\"[vc_row][vc_column width=\u00bb1\/1&#8243;][vc_column_text] [\/vc_column_text][\/vc_column][\/vc_row][vc_row][vc_column width=\u00bb1\/1&#8243;][vc_row_inner][vc_column_inner width=\u00bb1\/2&#8243;][\/vc_column_inner][vc_column_inner width=\u00bb1\/2&#8243;][\/vc_column_inner][\/vc_row_inner][\/vc_column][\/vc_row][vc_row][vc_column width=\u00bb1\/1&#8243;][\/vc_column][\/vc_row]\" \/>\n<meta property=\"og:url\" content=\"https:\/\/www.guardiancristal.es\/PRUEBA\/puertas\/\" \/>\n<meta property=\"article:modified_time\" content=\"2023-06-01T13:37:50+00:00\" \/>\n<meta name=\"twitter:card\" content=\"summary_large_image\" \/>\n<meta name=\"twitter:label1\" content=\"Tiempo de lectura\" \/>\n\t<meta name=\"twitter:data1\" content=\"1 minuto\" \/>\n<script type=\"application\/ld+json\" class=\"yoast-schema-graph\">{\"@context\":\"https:\/\/schema.org\",\"@graph\":[{\"@type\":\"WebSite\",\"@id\":\"https:\/\/www.guardiancristal.es\/PRUEBA\/#website\",\"url\":\"https:\/\/www.guardiancristal.es\/PRUEBA\/\",\"name\":\"\",\"description\":\"\",\"potentialAction\":[{\"@type\":\"SearchAction\",\"target\":{\"@type\":\"EntryPoint\",\"urlTemplate\":\"https:\/\/www.guardiancristal.es\/PRUEBA\/?s={search_term_string}\"},\"query-input\":\"required name=search_term_string\"}],\"inLanguage\":\"es\"},{\"@type\":\"WebPage\",\"@id\":\"https:\/\/www.guardiancristal.es\/PRUEBA\/puertas\/#webpage\",\"url\":\"https:\/\/www.guardiancristal.es\/PRUEBA\/puertas\/\",\"name\":\"Puertas -\",\"isPartOf\":{\"@id\":\"https:\/\/www.guardiancristal.es\/PRUEBA\/#website\"},\"datePublished\":\"2023-05-26T13:36:18+00:00\",\"dateModified\":\"2023-06-01T13:37:50+00:00\",\"breadcrumb\":{\"@id\":\"https:\/\/www.guardiancristal.es\/PRUEBA\/puertas\/#breadcrumb\"},\"inLanguage\":\"es\",\"potentialAction\":[{\"@type\":\"ReadAction\",\"target\":[\"https:\/\/www.guardiancristal.es\/PRUEBA\/puertas\/\"]}]},{\"@type\":\"BreadcrumbList\",\"@id\":\"https:\/\/www.guardiancristal.es\/PRUEBA\/puertas\/#breadcrumb\",\"itemListElement\":[{\"@type\":\"ListItem\",\"position\":1,\"name\":\"Portada\",\"item\":\"https:\/\/www.guardiancristal.es\/PRUEBA\/\"},{\"@type\":\"ListItem\",\"position\":2,\"name\":\"Puertas\"}]}]}<\/script>\n<!-- \/ Yoast SEO plugin. -->","yoast_head_json":{"title":"Puertas -","robots":{"index":"index","follow":"follow","max-snippet":"max-snippet:-1","max-image-preview":"max-image-preview:large","max-video-preview":"max-video-preview:-1"},"canonical":"https:\/\/www.guardiancristal.es\/PRUEBA\/puertas\/","og_locale":"es_ES","og_type":"article","og_title":"Puertas -","og_description":"[vc_row][vc_column width=\u00bb1\/1&#8243;][vc_column_text] [\/vc_column_text][\/vc_column][\/vc_row][vc_row][vc_column width=\u00bb1\/1&#8243;][vc_row_inner][vc_column_inner width=\u00bb1\/2&#8243;][\/vc_column_inner][vc_column_inner width=\u00bb1\/2&#8243;][\/vc_column_inner][\/vc_row_inner][\/vc_column][\/vc_row][vc_row][vc_column width=\u00bb1\/1&#8243;][\/vc_column][\/vc_row]","og_url":"https:\/\/www.guardiancristal.es\/PRUEBA\/puertas\/","article_modified_time":"2023-06-01T13:37:50+00:00","twitter_card":"summary_large_image","twitter_misc":{"Tiempo de lectura":"1 minuto"},"schema":{"@context":"https:\/\/schema.org","@graph":[{"@type":"WebSite","@id":"https:\/\/www.guardiancristal.es\/PRUEBA\/#website","url":"https:\/\/www.guardiancristal.es\/PRUEBA\/","name":"","description":"","potentialAction":[{"@type":"SearchAction","target":{"@type":"EntryPoint","urlTemplate":"https:\/\/www.guardiancristal.es\/PRUEBA\/?s={search_term_string}"},"query-input":"required name=search_term_string"}],"inLanguage":"es"},{"@type":"WebPage","@id":"https:\/\/www.guardiancristal.es\/PRUEBA\/puertas\/#webpage","url":"https:\/\/www.guardiancristal.es\/PRUEBA\/puertas\/","name":"Puertas -","isPartOf":{"@id":"https:\/\/www.guardiancristal.es\/PRUEBA\/#website"},"datePublished":"2023-05-26T13:36:18+00:00","dateModified":"2023-06-01T13:37:50+00:00","breadcrumb":{"@id":"https:\/\/www.guardiancristal.es\/PRUEBA\/puertas\/#breadcrumb"},"inLanguage":"es","potentialAction":[{"@type":"ReadAction","target":["https:\/\/www.guardiancristal.es\/PRUEBA\/puertas\/"]}]},{"@type":"BreadcrumbList","@id":"https:\/\/www.guardiancristal.es\/PRUEBA\/puertas\/#breadcrumb","itemListElement":[{"@type":"ListItem","position":1,"name":"Portada","item":"https:\/\/www.guardiancristal.es\/PRUEBA\/"},{"@type":"ListItem","position":2,"name":"Puertas"}]}]}},"_links":{"self":[{"href":"https:\/\/www.guardiancristal.es\/PRUEBA\/wp-json\/wp\/v2\/pages\/17769"}],"collection":[{"href":"https:\/\/www.guardiancristal.es\/PRUEBA\/wp-json\/wp\/v2\/pages"}],"about":[{"href":"https:\/\/www.guardiancristal.es\/PRUEBA\/wp-json\/wp\/v2\/types\/page"}],"author":[{"embeddable":true,"href":"https:\/\/www.guardiancristal.es\/PRUEBA\/wp-json\/wp\/v2\/users\/1"}],"replies":[{"embeddable":true,"href":"https:\/\/www.guardiancristal.es\/PRUEBA\/wp-json\/wp\/v2\/comments?post=17769"}],"version-history":[{"count":4,"href":"https:\/\/www.guardiancristal.es\/PRUEBA\/wp-json\/wp\/v2\/pages\/17769\/revisions"}],"predecessor-version":[{"id":17878,"href":"https:\/\/www.guardiancristal.es\/PRUEBA\/wp-json\/wp\/v2\/pages\/17769\/revisions\/17878"}],"wp:attachment":[{"href":"https:\/\/www.guardiancristal.es\/PRUEBA\/wp-json\/wp\/v2\/media?parent=17769"}],"curies":[{"name":"wp","href":"https:\/\/api.w.org\/{rel}","templated":true}]}}