{"id":17653,"date":"2023-05-18T09:31:40","date_gmt":"2023-05-18T09:31:40","guid":{"rendered":"https:\/\/www.guardiancristal.es\/PRUEBA\/?page_id=17653"},"modified":"2023-05-25T13:23:47","modified_gmt":"2023-05-25T13:23:47","slug":"quehacemos","status":"publish","type":"page","link":"https:\/\/www.guardiancristal.es\/PRUEBA\/quehacemos\/","title":{"rendered":"Qu\u00e9 Hacemos"},"content":{"rendered":"<p>[vc_row][vc_column width=\u00bb1\/1&#8243;]<div class=\"spacer\" style=\"height: 30px;\"><\/div><div class=\"single_image wpb_content_element align-left    \" data-animation=\"none\" data-delay=\"0\"><img fetchpriority=\"high\" decoding=\"async\" width=\"2000\" height=\"125\" src=\"https:\/\/www.guardiancristal.es\/PRUEBA\/wp-content\/uploads\/2023\/05\/que-hacemos-2.png\" class=\"attachment-full\" alt=\"\" srcset=\"https:\/\/www.guardiancristal.es\/PRUEBA\/wp-content\/uploads\/2023\/05\/que-hacemos-2.png 2000w, https:\/\/www.guardiancristal.es\/PRUEBA\/wp-content\/uploads\/2023\/05\/que-hacemos-2-300x19.png 300w, https:\/\/www.guardiancristal.es\/PRUEBA\/wp-content\/uploads\/2023\/05\/que-hacemos-2-1024x64.png 1024w, https:\/\/www.guardiancristal.es\/PRUEBA\/wp-content\/uploads\/2023\/05\/que-hacemos-2-768x48.png 768w, https:\/\/www.guardiancristal.es\/PRUEBA\/wp-content\/uploads\/2023\/05\/que-hacemos-2-1536x96.png 1536w\" sizes=\"(max-width: 2000px) 100vw, 2000px\" \/><\/div>[vc_column_text]<\/p>\n<p style=\"text-align: right;\"><div class=\"divider divider3\" style='margin:30px 0 45px 0 !important;'><\/div>\n<p>[\/vc_column_text][\/vc_column][\/vc_row][vc_row][vc_column width=\u00bb1\/1&#8243;]<div class=\"single_image wpb_content_element align-left    \" data-animation=\"none\" data-delay=\"0\"><img decoding=\"async\" width=\"2000\" height=\"125\" src=\"https:\/\/www.guardiancristal.es\/PRUEBA\/wp-content\/uploads\/2023\/05\/que-podemos-hacer-por-ti-1.png\" class=\"attachment-full\" alt=\"\" srcset=\"https:\/\/www.guardiancristal.es\/PRUEBA\/wp-content\/uploads\/2023\/05\/que-podemos-hacer-por-ti-1.png 2000w, https:\/\/www.guardiancristal.es\/PRUEBA\/wp-content\/uploads\/2023\/05\/que-podemos-hacer-por-ti-1-300x19.png 300w, https:\/\/www.guardiancristal.es\/PRUEBA\/wp-content\/uploads\/2023\/05\/que-podemos-hacer-por-ti-1-1024x64.png 1024w, https:\/\/www.guardiancristal.es\/PRUEBA\/wp-content\/uploads\/2023\/05\/que-podemos-hacer-por-ti-1-768x48.png 768w, https:\/\/www.guardiancristal.es\/PRUEBA\/wp-content\/uploads\/2023\/05\/que-podemos-hacer-por-ti-1-1536x96.png 1536w\" sizes=\"(max-width: 2000px) 100vw, 2000px\" \/><\/div>[vc_row_inner][vc_column_inner width=\u00bb1\/2&#8243;]<div class=\"headline font-inherit fontsize-m fontweight-400 lh-inherit align-left transform-inherit \" style=\"margin: 0; color: #999999;\">Explora las soluciones y servicios de Guardian Glass Services. Desde la instalaci\u00f3n de ventanas de alta calidad hasta la creaci\u00f3n de barandillas elegantes y la renovaci\u00f3n de espacios con nuestras mamparas de ba\u00f1o, somos expertos en llevar a cabo proyectos de cualquier tama\u00f1o. Trabajamos contigo para convertir tus ideas en realidades funcionales y est\u00e9ticas.<\/p>\n<p>Nuestro equipo altamente capacitado te guiar\u00e1 en cada etapa del proceso, desde la consulta inicial hasta la ejecuci\u00f3n y el seguimiento. Ofrecemos soluciones personalizadas adaptadas a tus necesidades y preferencias individuales.<\/p>\n<p>Descubre c\u00f3mo mejorar tu hogar, negocio u espacio comercial: nos comprometemos a brindarte resultados excepcionales, conf\u00eda en nosotros para transformar tus espacios con soluciones de calidad.<\/div>[\/vc_column_inner][vc_column_inner width=\u00bb1\/2&#8243;]<div class=\"single_image wpb_content_element align-right    \" data-animation=\"none\" data-delay=\"0\"><img decoding=\"async\" width=\"1024\" height=\"742\" src=\"https:\/\/www.guardiancristal.es\/PRUEBA\/wp-content\/uploads\/2023\/05\/que-hacemos-1-1024x742.png\" class=\"attachment-large\" alt=\"\" srcset=\"https:\/\/www.guardiancristal.es\/PRUEBA\/wp-content\/uploads\/2023\/05\/que-hacemos-1-1024x742.png 1024w, https:\/\/www.guardiancristal.es\/PRUEBA\/wp-content\/uploads\/2023\/05\/que-hacemos-1-300x218.png 300w, https:\/\/www.guardiancristal.es\/PRUEBA\/wp-content\/uploads\/2023\/05\/que-hacemos-1-768x557.png 768w, https:\/\/www.guardiancristal.es\/PRUEBA\/wp-content\/uploads\/2023\/05\/que-hacemos-1.png 1080w\" sizes=\"(max-width: 1024px) 100vw, 1024px\" \/><\/div>[\/vc_column_inner][\/vc_row_inner]<div class=\"spacer\" style=\"height: 20px;\"><\/div>[\/vc_column][\/vc_row][vc_row][vc_column width=\u00bb1\/1&#8243;][vc_column_text]<\/p>\n<p style=\"text-align: right;\"><div class=\"divider divider3\" style='margin:30px 0 45px 0 !important;'><\/div>\n<p>[\/vc_column_text]<div class=\"single_image wpb_content_element align-left    \" data-animation=\"none\" data-delay=\"0\"><img loading=\"lazy\" decoding=\"async\" width=\"2000\" height=\"125\" src=\"https:\/\/www.guardiancristal.es\/PRUEBA\/wp-content\/uploads\/2023\/05\/marcas-1-1.png\" class=\"attachment-full\" alt=\"\" srcset=\"https:\/\/www.guardiancristal.es\/PRUEBA\/wp-content\/uploads\/2023\/05\/marcas-1-1.png 2000w, https:\/\/www.guardiancristal.es\/PRUEBA\/wp-content\/uploads\/2023\/05\/marcas-1-1-300x19.png 300w, https:\/\/www.guardiancristal.es\/PRUEBA\/wp-content\/uploads\/2023\/05\/marcas-1-1-1024x64.png 1024w, https:\/\/www.guardiancristal.es\/PRUEBA\/wp-content\/uploads\/2023\/05\/marcas-1-1-768x48.png 768w, https:\/\/www.guardiancristal.es\/PRUEBA\/wp-content\/uploads\/2023\/05\/marcas-1-1-1536x96.png 1536w\" sizes=\"(max-width: 2000px) 100vw, 2000px\" \/><\/div>[vc_row_inner][vc_column_inner width=\u00bb1\/2&#8243;]<div class=\"headline font-inherit fontsize-m fontweight-400 lh-inherit align-left transform-inherit \" style=\"margin: 0; color: #999999;\">En Guardian Glass Services, nos enorgullece haber trabajado con marcas reconocidas a nivel mundial como Mercadona, Balenciaga, Tiffany &amp; Co., Gucci, Starbucks, Muerde la Pasta, LEGO, Guess, Louis Vuitton, y muchas otras. Nuestra amplia experiencia y colaboraciones con estas marcas l\u00edderes nos han permitido ofrecer soluciones de vidrio y perfiler\u00eda de alta calidad que cumplen con los est\u00e1ndares exigentes de la industria.<\/p>\n<p>Estamos comprometidos en brindar resultados excepcionales y contribuir al \u00e9xito de nuestros clientes destacados en diversos sectores. Conf\u00eda en nuestra experiencia y profesionalismo para tus proyectos de vidrio y perfiler\u00eda.<\/div>[\/vc_column_inner][vc_column_inner width=\u00bb1\/2&#8243;]<div class=\"single_image wpb_content_element align-right    \" data-animation=\"none\" data-delay=\"0\"><img loading=\"lazy\" decoding=\"async\" width=\"1024\" height=\"744\" src=\"https:\/\/www.guardiancristal.es\/PRUEBA\/wp-content\/uploads\/2023\/05\/marcas_guess-1024x744.png\" class=\"attachment-large\" alt=\"\" srcset=\"https:\/\/www.guardiancristal.es\/PRUEBA\/wp-content\/uploads\/2023\/05\/marcas_guess-1024x744.png 1024w, https:\/\/www.guardiancristal.es\/PRUEBA\/wp-content\/uploads\/2023\/05\/marcas_guess-300x218.png 300w, https:\/\/www.guardiancristal.es\/PRUEBA\/wp-content\/uploads\/2023\/05\/marcas_guess-768x558.png 768w, https:\/\/www.guardiancristal.es\/PRUEBA\/wp-content\/uploads\/2023\/05\/marcas_guess.png 1080w\" sizes=\"(max-width: 1024px) 100vw, 1024px\" \/><\/div>[\/vc_column_inner][\/vc_row_inner]<div class=\"spacer\" style=\"height: 45px;\"><\/div><div class=\"single_image wpb_content_element align-left    \" data-animation=\"none\" data-delay=\"0\"><img loading=\"lazy\" decoding=\"async\" width=\"2000\" height=\"267\" src=\"https:\/\/www.guardiancristal.es\/PRUEBA\/wp-content\/uploads\/2023\/05\/colaboraciones-1.png\" class=\"attachment-full\" alt=\"\" srcset=\"https:\/\/www.guardiancristal.es\/PRUEBA\/wp-content\/uploads\/2023\/05\/colaboraciones-1.png 2000w, https:\/\/www.guardiancristal.es\/PRUEBA\/wp-content\/uploads\/2023\/05\/colaboraciones-1-300x40.png 300w, https:\/\/www.guardiancristal.es\/PRUEBA\/wp-content\/uploads\/2023\/05\/colaboraciones-1-1024x137.png 1024w, https:\/\/www.guardiancristal.es\/PRUEBA\/wp-content\/uploads\/2023\/05\/colaboraciones-1-768x103.png 768w, https:\/\/www.guardiancristal.es\/PRUEBA\/wp-content\/uploads\/2023\/05\/colaboraciones-1-1536x205.png 1536w\" sizes=\"(max-width: 2000px) 100vw, 2000px\" \/><\/div>[\/vc_column][\/vc_row][vc_row][vc_column width=\u00bb1\/1&#8243;]<div class=\"spacer\" style=\"height: 40px;\"><\/div>[\/vc_column][\/vc_row]<\/p>\n","protected":false},"excerpt":{"rendered":"<p>[vc_row][vc_column width=\u00bb1\/1&#8243;][vc_column_text] [\/vc_column_text][\/vc_column][\/vc_row][vc_row][vc_column width=\u00bb1\/1&#8243;][vc_row_inner][vc_column_inner width=\u00bb1\/2&#8243;][\/vc_column_inner][vc_column_inner width=\u00bb1\/2&#8243;][\/vc_column_inner][\/vc_row_inner][\/vc_column][\/vc_row][vc_row][vc_column width=\u00bb1\/1&#8243;][vc_column_text] [\/vc_column_text][vc_row_inner][vc_column_inner width=\u00bb1\/2&#8243;][\/vc_column_inner][vc_column_inner width=\u00bb1\/2&#8243;][\/vc_column_inner][\/vc_row_inner][\/vc_column][\/vc_row][vc_row][vc_column width=\u00bb1\/1&#8243;][\/vc_column][\/vc_row]<\/p>\n","protected":false},"author":1,"featured_media":0,"parent":0,"menu_order":0,"comment_status":"closed","ping_status":"closed","template":"","meta":{"footnotes":"","_joinchat":[]},"yoast_head":"<!-- This site is optimized with the Yoast SEO plugin v18.1 - https:\/\/yoast.com\/wordpress\/plugins\/seo\/ -->\n<title>Qu\u00e9 Hacemos -<\/title>\n<meta name=\"robots\" content=\"index, follow, max-snippet:-1, max-image-preview:large, max-video-preview:-1\" \/>\n<link rel=\"canonical\" href=\"https:\/\/www.guardiancristal.es\/PRUEBA\/quehacemos\/\" \/>\n<meta property=\"og:locale\" content=\"es_ES\" \/>\n<meta property=\"og:type\" content=\"article\" \/>\n<meta property=\"og:title\" content=\"Qu\u00e9 Hacemos -\" \/>\n<meta property=\"og:description\" content=\"[vc_row][vc_column width=\u00bb1\/1&#8243;][vc_column_text] [\/vc_column_text][\/vc_column][\/vc_row][vc_row][vc_column width=\u00bb1\/1&#8243;][vc_row_inner][vc_column_inner width=\u00bb1\/2&#8243;][\/vc_column_inner][vc_column_inner width=\u00bb1\/2&#8243;][\/vc_column_inner][\/vc_row_inner][\/vc_column][\/vc_row][vc_row][vc_column width=\u00bb1\/1&#8243;][vc_column_text] [\/vc_column_text][vc_row_inner][vc_column_inner width=\u00bb1\/2&#8243;][\/vc_column_inner][vc_column_inner width=\u00bb1\/2&#8243;][\/vc_column_inner][\/vc_row_inner][\/vc_column][\/vc_row][vc_row][vc_column width=\u00bb1\/1&#8243;][\/vc_column][\/vc_row]\" \/>\n<meta property=\"og:url\" content=\"https:\/\/www.guardiancristal.es\/PRUEBA\/quehacemos\/\" \/>\n<meta property=\"article:modified_time\" content=\"2023-05-25T13:23:47+00:00\" \/>\n<meta name=\"twitter:card\" content=\"summary_large_image\" \/>\n<meta name=\"twitter:label1\" content=\"Tiempo de lectura\" \/>\n\t<meta name=\"twitter:data1\" content=\"2 minutos\" \/>\n<script type=\"application\/ld+json\" class=\"yoast-schema-graph\">{\"@context\":\"https:\/\/schema.org\",\"@graph\":[{\"@type\":\"WebSite\",\"@id\":\"https:\/\/www.guardiancristal.es\/PRUEBA\/#website\",\"url\":\"https:\/\/www.guardiancristal.es\/PRUEBA\/\",\"name\":\"\",\"description\":\"\",\"potentialAction\":[{\"@type\":\"SearchAction\",\"target\":{\"@type\":\"EntryPoint\",\"urlTemplate\":\"https:\/\/www.guardiancristal.es\/PRUEBA\/?s={search_term_string}\"},\"query-input\":\"required name=search_term_string\"}],\"inLanguage\":\"es\"},{\"@type\":\"WebPage\",\"@id\":\"https:\/\/www.guardiancristal.es\/PRUEBA\/quehacemos\/#webpage\",\"url\":\"https:\/\/www.guardiancristal.es\/PRUEBA\/quehacemos\/\",\"name\":\"Qu\u00e9 Hacemos -\",\"isPartOf\":{\"@id\":\"https:\/\/www.guardiancristal.es\/PRUEBA\/#website\"},\"datePublished\":\"2023-05-18T09:31:40+00:00\",\"dateModified\":\"2023-05-25T13:23:47+00:00\",\"breadcrumb\":{\"@id\":\"https:\/\/www.guardiancristal.es\/PRUEBA\/quehacemos\/#breadcrumb\"},\"inLanguage\":\"es\",\"potentialAction\":[{\"@type\":\"ReadAction\",\"target\":[\"https:\/\/www.guardiancristal.es\/PRUEBA\/quehacemos\/\"]}]},{\"@type\":\"BreadcrumbList\",\"@id\":\"https:\/\/www.guardiancristal.es\/PRUEBA\/quehacemos\/#breadcrumb\",\"itemListElement\":[{\"@type\":\"ListItem\",\"position\":1,\"name\":\"Portada\",\"item\":\"https:\/\/www.guardiancristal.es\/PRUEBA\/\"},{\"@type\":\"ListItem\",\"position\":2,\"name\":\"Qu\u00e9 Hacemos\"}]}]}<\/script>\n<!-- \/ Yoast SEO plugin. -->","yoast_head_json":{"title":"Qu\u00e9 Hacemos -","robots":{"index":"index","follow":"follow","max-snippet":"max-snippet:-1","max-image-preview":"max-image-preview:large","max-video-preview":"max-video-preview:-1"},"canonical":"https:\/\/www.guardiancristal.es\/PRUEBA\/quehacemos\/","og_locale":"es_ES","og_type":"article","og_title":"Qu\u00e9 Hacemos -","og_description":"[vc_row][vc_column width=\u00bb1\/1&#8243;][vc_column_text] [\/vc_column_text][\/vc_column][\/vc_row][vc_row][vc_column width=\u00bb1\/1&#8243;][vc_row_inner][vc_column_inner width=\u00bb1\/2&#8243;][\/vc_column_inner][vc_column_inner width=\u00bb1\/2&#8243;][\/vc_column_inner][\/vc_row_inner][\/vc_column][\/vc_row][vc_row][vc_column width=\u00bb1\/1&#8243;][vc_column_text] [\/vc_column_text][vc_row_inner][vc_column_inner width=\u00bb1\/2&#8243;][\/vc_column_inner][vc_column_inner width=\u00bb1\/2&#8243;][\/vc_column_inner][\/vc_row_inner][\/vc_column][\/vc_row][vc_row][vc_column width=\u00bb1\/1&#8243;][\/vc_column][\/vc_row]","og_url":"https:\/\/www.guardiancristal.es\/PRUEBA\/quehacemos\/","article_modified_time":"2023-05-25T13:23:47+00:00","twitter_card":"summary_large_image","twitter_misc":{"Tiempo de lectura":"2 minutos"},"schema":{"@context":"https:\/\/schema.org","@graph":[{"@type":"WebSite","@id":"https:\/\/www.guardiancristal.es\/PRUEBA\/#website","url":"https:\/\/www.guardiancristal.es\/PRUEBA\/","name":"","description":"","potentialAction":[{"@type":"SearchAction","target":{"@type":"EntryPoint","urlTemplate":"https:\/\/www.guardiancristal.es\/PRUEBA\/?s={search_term_string}"},"query-input":"required name=search_term_string"}],"inLanguage":"es"},{"@type":"WebPage","@id":"https:\/\/www.guardiancristal.es\/PRUEBA\/quehacemos\/#webpage","url":"https:\/\/www.guardiancristal.es\/PRUEBA\/quehacemos\/","name":"Qu\u00e9 Hacemos -","isPartOf":{"@id":"https:\/\/www.guardiancristal.es\/PRUEBA\/#website"},"datePublished":"2023-05-18T09:31:40+00:00","dateModified":"2023-05-25T13:23:47+00:00","breadcrumb":{"@id":"https:\/\/www.guardiancristal.es\/PRUEBA\/quehacemos\/#breadcrumb"},"inLanguage":"es","potentialAction":[{"@type":"ReadAction","target":["https:\/\/www.guardiancristal.es\/PRUEBA\/quehacemos\/"]}]},{"@type":"BreadcrumbList","@id":"https:\/\/www.guardiancristal.es\/PRUEBA\/quehacemos\/#breadcrumb","itemListElement":[{"@type":"ListItem","position":1,"name":"Portada","item":"https:\/\/www.guardiancristal.es\/PRUEBA\/"},{"@type":"ListItem","position":2,"name":"Qu\u00e9 Hacemos"}]}]}},"_links":{"self":[{"href":"https:\/\/www.guardiancristal.es\/PRUEBA\/wp-json\/wp\/v2\/pages\/17653"}],"collection":[{"href":"https:\/\/www.guardiancristal.es\/PRUEBA\/wp-json\/wp\/v2\/pages"}],"about":[{"href":"https:\/\/www.guardiancristal.es\/PRUEBA\/wp-json\/wp\/v2\/types\/page"}],"author":[{"embeddable":true,"href":"https:\/\/www.guardiancristal.es\/PRUEBA\/wp-json\/wp\/v2\/users\/1"}],"replies":[{"embeddable":true,"href":"https:\/\/www.guardiancristal.es\/PRUEBA\/wp-json\/wp\/v2\/comments?post=17653"}],"version-history":[{"count":24,"href":"https:\/\/www.guardiancristal.es\/PRUEBA\/wp-json\/wp\/v2\/pages\/17653\/revisions"}],"predecessor-version":[{"id":17737,"href":"https:\/\/www.guardiancristal.es\/PRUEBA\/wp-json\/wp\/v2\/pages\/17653\/revisions\/17737"}],"wp:attachment":[{"href":"https:\/\/www.guardiancristal.es\/PRUEBA\/wp-json\/wp\/v2\/media?parent=17653"}],"curies":[{"name":"wp","href":"https:\/\/api.w.org\/{rel}","templated":true}]}}