{"id":17590,"date":"2023-05-10T14:47:16","date_gmt":"2023-05-10T14:47:16","guid":{"rendered":"https:\/\/www.guardiancristal.es\/PRUEBA\/?page_id=17590"},"modified":"2023-05-31T11:47:20","modified_gmt":"2023-05-31T11:47:20","slug":"contacto-ggs","status":"publish","type":"page","link":"https:\/\/www.guardiancristal.es\/PRUEBA\/contacto-ggs\/","title":{"rendered":"Contactanos"},"content":{"rendered":"<p>[vc_row type=\u00bbfull_width_section\u00bb bg_position=\u00bbleft top\u00bb][vc_column width=\u00bb1\/1&#8243;]<div class=\"spacer\" style=\"height: 30px;\"><\/div><div class=\"single_image wpb_content_element align-left    \" data-animation=\"none\" data-delay=\"0\"><img fetchpriority=\"high\" decoding=\"async\" width=\"2000\" height=\"125\" src=\"https:\/\/www.guardiancristal.es\/PRUEBA\/wp-content\/uploads\/2023\/05\/contacto-1.png\" class=\"attachment-full\" alt=\"\" srcset=\"https:\/\/www.guardiancristal.es\/PRUEBA\/wp-content\/uploads\/2023\/05\/contacto-1.png 2000w, https:\/\/www.guardiancristal.es\/PRUEBA\/wp-content\/uploads\/2023\/05\/contacto-1-300x19.png 300w, https:\/\/www.guardiancristal.es\/PRUEBA\/wp-content\/uploads\/2023\/05\/contacto-1-1024x64.png 1024w, https:\/\/www.guardiancristal.es\/PRUEBA\/wp-content\/uploads\/2023\/05\/contacto-1-768x48.png 768w, https:\/\/www.guardiancristal.es\/PRUEBA\/wp-content\/uploads\/2023\/05\/contacto-1-1536x96.png 1536w\" sizes=\"(max-width: 2000px) 100vw, 2000px\" \/><\/div>[vc_column_text]<\/p>\n<p style=\"text-align: right;\"><div class=\"divider divider3\" style='margin:30px 0 45px 0 !important;'><\/div>\n<p>[\/vc_column_text][\/vc_column][\/vc_row][vc_row][vc_column width=\u00bb1\/1&#8243;]<div class=\"single_image wpb_content_element align-left    \" data-animation=\"none\" data-delay=\"0\"><img decoding=\"async\" width=\"2000\" height=\"125\" src=\"https:\/\/www.guardiancristal.es\/PRUEBA\/wp-content\/uploads\/2023\/05\/contactanos-2.png\" class=\"attachment-full\" alt=\"\" srcset=\"https:\/\/www.guardiancristal.es\/PRUEBA\/wp-content\/uploads\/2023\/05\/contactanos-2.png 2000w, https:\/\/www.guardiancristal.es\/PRUEBA\/wp-content\/uploads\/2023\/05\/contactanos-2-300x19.png 300w, https:\/\/www.guardiancristal.es\/PRUEBA\/wp-content\/uploads\/2023\/05\/contactanos-2-1024x64.png 1024w, https:\/\/www.guardiancristal.es\/PRUEBA\/wp-content\/uploads\/2023\/05\/contactanos-2-768x48.png 768w, https:\/\/www.guardiancristal.es\/PRUEBA\/wp-content\/uploads\/2023\/05\/contactanos-2-1536x96.png 1536w\" sizes=\"(max-width: 2000px) 100vw, 2000px\" \/><\/div>[\/vc_column][\/vc_row][vc_row bg_color=\u00bb#ffffff\u00bb top_padding=\u00bb40&#8243; bottom_padding=\u00bb40&#8243; bg_position=\u00bbleft top\u00bb][vc_column width=\u00bb1\/2&#8243;]<div class=\"headline font-inherit fontsize-m fontweight-400 lh-inherit align-left transform-inherit \" style=\"margin: 0; color: #999999;\">Nos encantar\u00eda escuchar tus consultas, preguntas y comentarios sobre nuestros servicios de cristaler\u00eda y perfiler\u00eda.<\/p>\n<p>Ya sea que necesites una reparaci\u00f3n de emergencia o una cotizaci\u00f3n para un proyecto, nuestro equipo altamente capacitado est\u00e1 listo para brindarte la mejor soluci\u00f3n.<\/p>\n<p>Cont\u00e1ctanos hoy mismo a trav\u00e9s de nuestro formulario en l\u00ednea, n\u00famero de tel\u00e9fono o correo electr\u00f3nico y estaremos encantados de responder a tus necesidades.<\/div><div class=\"spacer\" style=\"height: 40px;\"><\/div>[vc_row_inner][vc_column_inner width=\u00bb1\/2&#8243;]<div class=\"single_image wpb_content_element align-left    \" data-animation=\"none\" data-delay=\"0\"><a href=\"tel:+34946719967\" target=\"_self\"><img decoding=\"async\" width=\"460\" height=\"298\" src=\"https:\/\/www.guardiancristal.es\/PRUEBA\/wp-content\/uploads\/2023\/05\/tel_contacto.png\" class=\"attachment-full\" alt=\"\" srcset=\"https:\/\/www.guardiancristal.es\/PRUEBA\/wp-content\/uploads\/2023\/05\/tel_contacto.png 460w, https:\/\/www.guardiancristal.es\/PRUEBA\/wp-content\/uploads\/2023\/05\/tel_contacto-300x194.png 300w\" sizes=\"(max-width: 460px) 100vw, 460px\" \/><\/a><\/div>[\/vc_column_inner][vc_column_inner width=\u00bb1\/2&#8243;]<div class=\"single_image wpb_content_element align-left    \" data-animation=\"none\" data-delay=\"0\"><a href=\"mailto:fhome@guardian.com\" target=\"_self\"><img loading=\"lazy\" decoding=\"async\" width=\"454\" height=\"294\" src=\"https:\/\/www.guardiancristal.es\/PRUEBA\/wp-content\/uploads\/2023\/05\/contacto_mail.png\" class=\"attachment-full\" alt=\"\" srcset=\"https:\/\/www.guardiancristal.es\/PRUEBA\/wp-content\/uploads\/2023\/05\/contacto_mail.png 454w, https:\/\/www.guardiancristal.es\/PRUEBA\/wp-content\/uploads\/2023\/05\/contacto_mail-300x194.png 300w\" sizes=\"(max-width: 454px) 100vw, 454px\" \/><\/a><\/div>[\/vc_column_inner][\/vc_row_inner][\/vc_column][vc_column width=\u00bb1\/2&#8243;]<div role=\"form\" class=\"wpcf7\" id=\"wpcf7-f15560-o1\" lang=\"es-ES\" dir=\"ltr\">\n<div class=\"screen-reader-response\"><p role=\"status\" aria-live=\"polite\" aria-atomic=\"true\"><\/p> <ul><\/ul><\/div>\n<form action=\"\/PRUEBA\/wp-json\/wp\/v2\/pages\/17590#wpcf7-f15560-o1\" method=\"post\" class=\"wpcf7-form init\" novalidate=\"novalidate\" data-status=\"init\">\n<div style=\"display: none;\">\n<input type=\"hidden\" name=\"_wpcf7\" value=\"15560\" \/>\n<input type=\"hidden\" name=\"_wpcf7_version\" value=\"5.5.5\" \/>\n<input type=\"hidden\" name=\"_wpcf7_locale\" value=\"es_ES\" \/>\n<input type=\"hidden\" name=\"_wpcf7_unit_tag\" value=\"wpcf7-f15560-o1\" \/>\n<input type=\"hidden\" name=\"_wpcf7_container_post\" value=\"0\" \/>\n<input type=\"hidden\" name=\"_wpcf7_posted_data_hash\" value=\"\" \/>\n<\/div>\n<p><label> Tu nombre * <label><br \/>\n    <span class=\"wpcf7-form-control-wrap your-name\"><input type=\"text\" name=\"your-name\" value=\"\" size=\"40\" class=\"wpcf7-form-control wpcf7-text wpcf7-validates-as-required\" aria-required=\"true\" aria-invalid=\"false\" \/><\/span> <\/label><\/p>\n<p><label> Email * <label><br \/>\n    <span class=\"wpcf7-form-control-wrap your-email\"><input type=\"email\" name=\"your-email\" value=\"\" size=\"40\" class=\"wpcf7-form-control wpcf7-text wpcf7-email wpcf7-validates-as-required wpcf7-validates-as-email\" aria-required=\"true\" aria-invalid=\"false\" \/><\/span> <\/label><\/p>\n<p><label> Tel\u00e9fono* <label><br \/>\n     <span class=\"wpcf7-form-control-wrap telefono\"><input type=\"tel\" name=\"telefono\" value=\"\" size=\"40\" class=\"wpcf7-form-control wpcf7-text wpcf7-tel wpcf7-validates-as-required wpcf7-validates-as-tel\" aria-required=\"true\" aria-invalid=\"false\" \/><\/span> <\/label><\/p>\n<p><label> Mensaje *<br \/>\n    <span class=\"wpcf7-form-control-wrap your-message\"><textarea name=\"your-message\" cols=\"40\" rows=\"10\" class=\"wpcf7-form-control wpcf7-textarea wpcf7-validates-as-required\" aria-required=\"true\" aria-invalid=\"false\"><\/textarea><\/span> <\/label><br \/>\n<span class=\"wpcf7-form-control-wrap your-consent\"><span class=\"wpcf7-form-control wpcf7-acceptance\"><span class=\"wpcf7-list-item\"><label><input type=\"checkbox\" name=\"your-consent\" value=\"1\" aria-invalid=\"false\" \/><span class=\"wpcf7-list-item-label\">He le\u00eddo y acepto <a href=\"\/politica-de-privacidad\">la pol\u00edtica de privacidad.<\/a><\/span><\/label><\/span><\/span><\/span><\/p>\n<div class=\"form-line button\">\n        <input type=\"submit\" value=\"Enviar\" class=\"wpcf7-form-control has-spinner wpcf7-submit\" \/>\n    <\/div>\n<\/div>\n<div class=\"wpcf7-response-output\" aria-hidden=\"true\"><\/div><\/form><\/div>[\/vc_column][\/vc_row][vc_row][vc_column width=\u00bb1\/1&#8243;]<div class=\"spacer\" style=\"height: 40px;\"><\/div>[\/vc_column][\/vc_row]<\/p>\n","protected":false},"excerpt":{"rendered":"<p>[vc_row type=\u00bbfull_width_section\u00bb bg_position=\u00bbleft top\u00bb][vc_column width=\u00bb1\/1&#8243;][vc_column_text] [\/vc_column_text][\/vc_column][\/vc_row][vc_row][vc_column width=\u00bb1\/1&#8243;][\/vc_column][\/vc_row][vc_row bg_color=\u00bb#ffffff\u00bb top_padding=\u00bb40&#8243; bottom_padding=\u00bb40&#8243; bg_position=\u00bbleft top\u00bb][vc_column width=\u00bb1\/2&#8243;][vc_row_inner][vc_column_inner width=\u00bb1\/2&#8243;][\/vc_column_inner][vc_column_inner width=\u00bb1\/2&#8243;][\/vc_column_inner][\/vc_row_inner][\/vc_column][vc_column&#8230;<\/p>\n","protected":false},"author":1,"featured_media":0,"parent":0,"menu_order":0,"comment_status":"closed","ping_status":"closed","template":"","meta":{"footnotes":"","_joinchat":[]},"yoast_head":"<!-- This site is optimized with the Yoast SEO plugin v18.1 - https:\/\/yoast.com\/wordpress\/plugins\/seo\/ -->\n<title>Contactanos -<\/title>\n<meta name=\"robots\" content=\"index, follow, max-snippet:-1, max-image-preview:large, max-video-preview:-1\" \/>\n<link rel=\"canonical\" href=\"https:\/\/www.guardiancristal.es\/PRUEBA\/contacto-ggs\/\" \/>\n<meta property=\"og:locale\" content=\"es_ES\" \/>\n<meta property=\"og:type\" content=\"article\" \/>\n<meta property=\"og:title\" content=\"Contactanos -\" \/>\n<meta property=\"og:description\" content=\"[vc_row type=\u00bbfull_width_section\u00bb bg_position=\u00bbleft top\u00bb][vc_column width=\u00bb1\/1&#8243;][vc_column_text] [\/vc_column_text][\/vc_column][\/vc_row][vc_row][vc_column width=\u00bb1\/1&#8243;][\/vc_column][\/vc_row][vc_row bg_color=\u00bb#ffffff\u00bb top_padding=\u00bb40&#8243; bottom_padding=\u00bb40&#8243; bg_position=\u00bbleft top\u00bb][vc_column width=\u00bb1\/2&#8243;][vc_row_inner][vc_column_inner width=\u00bb1\/2&#8243;][\/vc_column_inner][vc_column_inner width=\u00bb1\/2&#8243;][\/vc_column_inner][\/vc_row_inner][\/vc_column][vc_column...\" \/>\n<meta property=\"og:url\" content=\"https:\/\/www.guardiancristal.es\/PRUEBA\/contacto-ggs\/\" \/>\n<meta property=\"article:modified_time\" content=\"2023-05-31T11:47:20+00:00\" \/>\n<meta name=\"twitter:card\" content=\"summary_large_image\" \/>\n<meta name=\"twitter:label1\" content=\"Tiempo de lectura\" \/>\n\t<meta name=\"twitter:data1\" content=\"1 minuto\" \/>\n<script type=\"application\/ld+json\" class=\"yoast-schema-graph\">{\"@context\":\"https:\/\/schema.org\",\"@graph\":[{\"@type\":\"WebSite\",\"@id\":\"https:\/\/www.guardiancristal.es\/PRUEBA\/#website\",\"url\":\"https:\/\/www.guardiancristal.es\/PRUEBA\/\",\"name\":\"\",\"description\":\"\",\"potentialAction\":[{\"@type\":\"SearchAction\",\"target\":{\"@type\":\"EntryPoint\",\"urlTemplate\":\"https:\/\/www.guardiancristal.es\/PRUEBA\/?s={search_term_string}\"},\"query-input\":\"required name=search_term_string\"}],\"inLanguage\":\"es\"},{\"@type\":\"WebPage\",\"@id\":\"https:\/\/www.guardiancristal.es\/PRUEBA\/contacto-ggs\/#webpage\",\"url\":\"https:\/\/www.guardiancristal.es\/PRUEBA\/contacto-ggs\/\",\"name\":\"Contactanos -\",\"isPartOf\":{\"@id\":\"https:\/\/www.guardiancristal.es\/PRUEBA\/#website\"},\"datePublished\":\"2023-05-10T14:47:16+00:00\",\"dateModified\":\"2023-05-31T11:47:20+00:00\",\"breadcrumb\":{\"@id\":\"https:\/\/www.guardiancristal.es\/PRUEBA\/contacto-ggs\/#breadcrumb\"},\"inLanguage\":\"es\",\"potentialAction\":[{\"@type\":\"ReadAction\",\"target\":[\"https:\/\/www.guardiancristal.es\/PRUEBA\/contacto-ggs\/\"]}]},{\"@type\":\"BreadcrumbList\",\"@id\":\"https:\/\/www.guardiancristal.es\/PRUEBA\/contacto-ggs\/#breadcrumb\",\"itemListElement\":[{\"@type\":\"ListItem\",\"position\":1,\"name\":\"Portada\",\"item\":\"https:\/\/www.guardiancristal.es\/PRUEBA\/\"},{\"@type\":\"ListItem\",\"position\":2,\"name\":\"Contactanos\"}]}]}<\/script>\n<!-- \/ Yoast SEO plugin. -->","yoast_head_json":{"title":"Contactanos -","robots":{"index":"index","follow":"follow","max-snippet":"max-snippet:-1","max-image-preview":"max-image-preview:large","max-video-preview":"max-video-preview:-1"},"canonical":"https:\/\/www.guardiancristal.es\/PRUEBA\/contacto-ggs\/","og_locale":"es_ES","og_type":"article","og_title":"Contactanos -","og_description":"[vc_row type=\u00bbfull_width_section\u00bb bg_position=\u00bbleft top\u00bb][vc_column width=\u00bb1\/1&#8243;][vc_column_text] [\/vc_column_text][\/vc_column][\/vc_row][vc_row][vc_column width=\u00bb1\/1&#8243;][\/vc_column][\/vc_row][vc_row bg_color=\u00bb#ffffff\u00bb top_padding=\u00bb40&#8243; bottom_padding=\u00bb40&#8243; bg_position=\u00bbleft top\u00bb][vc_column width=\u00bb1\/2&#8243;][vc_row_inner][vc_column_inner width=\u00bb1\/2&#8243;][\/vc_column_inner][vc_column_inner width=\u00bb1\/2&#8243;][\/vc_column_inner][\/vc_row_inner][\/vc_column][vc_column...","og_url":"https:\/\/www.guardiancristal.es\/PRUEBA\/contacto-ggs\/","article_modified_time":"2023-05-31T11:47:20+00:00","twitter_card":"summary_large_image","twitter_misc":{"Tiempo de lectura":"1 minuto"},"schema":{"@context":"https:\/\/schema.org","@graph":[{"@type":"WebSite","@id":"https:\/\/www.guardiancristal.es\/PRUEBA\/#website","url":"https:\/\/www.guardiancristal.es\/PRUEBA\/","name":"","description":"","potentialAction":[{"@type":"SearchAction","target":{"@type":"EntryPoint","urlTemplate":"https:\/\/www.guardiancristal.es\/PRUEBA\/?s={search_term_string}"},"query-input":"required name=search_term_string"}],"inLanguage":"es"},{"@type":"WebPage","@id":"https:\/\/www.guardiancristal.es\/PRUEBA\/contacto-ggs\/#webpage","url":"https:\/\/www.guardiancristal.es\/PRUEBA\/contacto-ggs\/","name":"Contactanos -","isPartOf":{"@id":"https:\/\/www.guardiancristal.es\/PRUEBA\/#website"},"datePublished":"2023-05-10T14:47:16+00:00","dateModified":"2023-05-31T11:47:20+00:00","breadcrumb":{"@id":"https:\/\/www.guardiancristal.es\/PRUEBA\/contacto-ggs\/#breadcrumb"},"inLanguage":"es","potentialAction":[{"@type":"ReadAction","target":["https:\/\/www.guardiancristal.es\/PRUEBA\/contacto-ggs\/"]}]},{"@type":"BreadcrumbList","@id":"https:\/\/www.guardiancristal.es\/PRUEBA\/contacto-ggs\/#breadcrumb","itemListElement":[{"@type":"ListItem","position":1,"name":"Portada","item":"https:\/\/www.guardiancristal.es\/PRUEBA\/"},{"@type":"ListItem","position":2,"name":"Contactanos"}]}]}},"_links":{"self":[{"href":"https:\/\/www.guardiancristal.es\/PRUEBA\/wp-json\/wp\/v2\/pages\/17590"}],"collection":[{"href":"https:\/\/www.guardiancristal.es\/PRUEBA\/wp-json\/wp\/v2\/pages"}],"about":[{"href":"https:\/\/www.guardiancristal.es\/PRUEBA\/wp-json\/wp\/v2\/types\/page"}],"author":[{"embeddable":true,"href":"https:\/\/www.guardiancristal.es\/PRUEBA\/wp-json\/wp\/v2\/users\/1"}],"replies":[{"embeddable":true,"href":"https:\/\/www.guardiancristal.es\/PRUEBA\/wp-json\/wp\/v2\/comments?post=17590"}],"version-history":[{"count":9,"href":"https:\/\/www.guardiancristal.es\/PRUEBA\/wp-json\/wp\/v2\/pages\/17590\/revisions"}],"predecessor-version":[{"id":17858,"href":"https:\/\/www.guardiancristal.es\/PRUEBA\/wp-json\/wp\/v2\/pages\/17590\/revisions\/17858"}],"wp:attachment":[{"href":"https:\/\/www.guardiancristal.es\/PRUEBA\/wp-json\/wp\/v2\/media?parent=17590"}],"curies":[{"name":"wp","href":"https:\/\/api.w.org\/{rel}","templated":true}]}}