{"id":15545,"date":"2019-10-17T20:32:56","date_gmt":"2019-10-17T20:32:56","guid":{"rendered":"http:\/\/www.guardiancristal.es\/PRUEBA\/?page_id=15545"},"modified":"2019-11-20T09:16:17","modified_gmt":"2019-11-20T09:16:17","slug":"politica-de-cookies","status":"publish","type":"page","link":"https:\/\/www.guardiancristal.es\/PRUEBA\/politica-de-cookies\/","title":{"rendered":"Pol\u00edtica de cookies"},"content":{"rendered":"<p>[vc_row][vc_column width=\u00bb1\/1&#8243;]<div class=\"spacer\" style=\"height: 75px;\"><\/div>[vc_column_text]Uso de cookies en las webs y aplicaciones de GUARDIAN EXPRESS HOME SL<\/p>\n<p>En cumplimiento de la Ley 34\/2002, de 11 de julio, de Servicios de la Sociedad de la Informaci\u00f3n y Comercio Electr\u00f3nico le informamos de la utilizaci\u00f3n de cookies en las webs y aplicaciones de GUARDIAN EXPRESS HOME SL con el fin de facilitar y mejorar la navegaci\u00f3n a los usuarios, recordando por donde naveg\u00f3 en el sitio web, su nombre de usuario al registrarse, las preferencias y configuraciones de visualizaci\u00f3n, y ofreciendo a cada usuario informaci\u00f3n que puede ser de su inter\u00e9s.<\/p>\n<h3>\u00bfQu\u00e9 son las cookies?<\/h3>\n<p>Una cookie es un fichero que se descarga en su ordenador o el dispositivo que utilice (Smartphone, tableta, televisi\u00f3n conectada\u2026.) al acceder a determinadas p\u00e1ginas web. Las cookies permiten a una p\u00e1gina web, entre otras cosas, almacenar y recuperar informaci\u00f3n sobre los h\u00e1bitos de navegaci\u00f3n de un usuario o de su equipo y, dependiendo de la informaci\u00f3n que contengan y de la forma en que utilice su equipo, pueden utilizarse para reconocer al usuario.<\/p>\n<p>Una cookie se almacena en un ordenador o dispositivo, con el fin de identificar al navegador mientras interacciona con nuestras webs o aplicaciones. Un sitio web puede establecer una cookie en el navegador si las preferencias de \u00e9ste lo permiten. Un navegador s\u00f3lo permite que un sitio web acceda a las cookies que \u00e9ste establece, no a las que establecen otros sitios Web.<\/p>\n<p>En las webs y aplicaciones de GUARDIAN EXPRESS HOME SL se utilizan cookies de terceros, que permiten recoger datos an\u00f3nimos estad\u00edsticos sobre las visitas recibidas con el fin de realizar un seguimiento de las campa\u00f1as publicitarias que pudieran estar vigentes en el momento de la visita.<\/p>\n<h3>\u00bfPor qu\u00e9 son importantes?<\/h3>\n<p>Desde un punto de vista t\u00e9cnico, permiten que los sitios web funcionen de forma m\u00e1s \u00e1gil y adaptada a las preferencias de los usuarios, como por ejemplo almacenar el idioma, la moneda del pa\u00eds o detectar el dispositivo de acceso.<\/p>\n<p>Establecen niveles de protecci\u00f3n y seguridad que Impiden o dificultan ciber-ataques contra el sitio web o sus usuarios.<\/p>\n<p>Permiten que los gestores de los medios puedan conocer datos estad\u00edsticos recopilados en las Cookies para mejorar la calidad y experiencia de sus servicios.<\/p>\n<p>Sirven para optimizar la publicidad que mostramos a los usuarios, ofreciendo la que m\u00e1s se ajusta a sus intereses.<\/p>\n<h3>Tipos de cookies<\/h3>\n<p>Seg\u00fan quien sea la entidad que gestione el dominio desde donde se env\u00edan las cookies y trate los datos que se obtengan se pueden distinguir dos tipos: cookies propias y cookies de terceros.<\/p>\n<p>Existe tambi\u00e9n una segunda clasificaci\u00f3n seg\u00fan el plazo de tiempo que permanecen almacenadas en el navegador del cliente, pudiendo tratarse de cookies de sesi\u00f3n o cookies persistentes.<\/p>\n<p>Por \u00faltimo, existe otra clasificaci\u00f3n con cinco tipos de cookies seg\u00fan la finalidad para la que se traten los datos obtenidos: cookies t\u00e9cnicas, cookies de personalizaci\u00f3n, cookies de an\u00e1lisis, cookies publicitarias y cookies de publicidad comportamental.<\/p>\n<p>\u00bfQu\u00e9 tipos de cookies utiliza esta p\u00e1gina web?<\/p>\n<p>Cookies propias: son aqu\u00e9llas que se env\u00edan al equipo terminal del usuario desde un equipo o dominio gestionado por el propio editor y desde el que se presta el servicio solicitado por el usuario.<\/p>\n<p>USAMOS:<\/p>\n<p><strong><em>WordPress<\/em><\/strong>: cookies propias cuya finalidad es el correcto funcionamiento de la web: permiten loguearse como uusario y acceder a la cuenta, acumular productos en el carrito, etc. Son propiedad de WordPress.<\/p>\n<p>Cookies de terceros: son aqu\u00e9llas que se env\u00edan al equipo terminal del usuario desde un equipo o dominio que no es gestionado por el editor, sino por otra entidad que trata los datos obtenidos trav\u00e9s de las cookies.<\/p>\n<p>USAMOS:<\/p>\n<p><strong><em>Google Analytics<\/em><\/strong>: cookies de terceros que da el servicio de an\u00e1lisis de la audiencia de nuestra p\u00e1gina. Esta herramienta no obtiene datos de los nombres o apellidos de los usuarios ni de la direcci\u00f3n postal desde donde se conectan. La informaci\u00f3n que obtiene est\u00e1 relacionada por ejemplo con el n\u00famero de p\u00e1ginas visitas, el idioma, red social en la que se publican nuestras noticias, la ciudad a la que est\u00e1 asignada la direcci\u00f3n IP desde la que acceden los usuarios, el n\u00famero de usuarios que nos visitan, la frecuencia y reincidencia de las visitas, el tiempo de visita, el navegador que usan, el operador o tipo de terminal desde el que se realiza la visita.<\/p>\n<p><strong>Google Adwords<\/strong>: utiliza cookies para la funci\u00f3n de seguimiento de conversiones, lo que permite realizar un seguimiento de las ventas y de otras conversiones de los anuncios, a\u00f1ade una cookie al ordenador de una persona cuando esta hace clic en un anuncio. Esta cookie dura 30 d\u00edas y no recopila ni realiza un seguimiento de informaci\u00f3n que pueda identificar al usuario (leer m\u00e1s en http:\/\/www.adwords.google.es).<\/p>\n<p>Cookies de sesi\u00f3n: son un tipo de cookies dise\u00f1adas para recabar y almacenar datos mientras el usuario accede a una p\u00e1gina web.<\/p>\n<p>Cookies persistentes: son un tipo de cookies en el que los datos siguen almacenados en el terminal y pueden ser accedidos y tratados durante un periodo definido por el responsable de la cookie, y que puede ir de unos minutos a varios a\u00f1os.<\/p>\n<h3>Revocaci\u00f3n y eliminaci\u00f3n de cookies<\/h3>\n<p>Usted puede permitir, bloquear o eliminar las cookies instaladas en su equipo mediante la configuraci\u00f3n de las opciones del navegador instalado en su ordenador, en caso que no permita la instalaci\u00f3n de cookies en su navegador es posible que no pueda acceder a alguna de las secciones de nuestra web, o que algunas funcionalidades de los Servicios quedar\u00e1n deshabilitados.<\/p>\n<h3>Desactivaci\u00f3n de cookies<\/h3>\n<p>En cualquier momento podr\u00e1 ejercer su derecho de desactivaci\u00f3n o eliminaci\u00f3n de cookies de este sitio web. Estas acciones se realizan de forma diferente en funci\u00f3n del navegador que est\u00e9 usando. Para que lo tenga m\u00e1s f\u00e1cil, aqu\u00ed le dejamos una gu\u00eda r\u00e1pida para los navegadores m\u00e1s populares:<\/p>\n<p><strong>\u00a0<\/strong><strong>Chrome<\/strong><\/p>\n<p>A continuaci\u00f3n le indicamos c\u00f3mo acceder a una cookie determinada del navegador Chrome. Nota: estos pasos pueden variar en funci\u00f3n de la versi\u00f3n del navegador:<\/p>\n<ol>\n<li>Vaya a Configuraci\u00f3n o Preferencias mediante el men\u00fa Archivo o bien pinchando el icono de personalizaci\u00f3n que aparece arriba a la derecha.<\/li>\n<li>Ver\u00e1 diferentes secciones, pinche la opci\u00f3n Mostrar opciones avanzadas.<\/li>\n<li>Vaya a Privacidad, Configuraci\u00f3n de contenido.<\/li>\n<li>Seleccione Todas las cookies y los datos de sitios.<\/li>\n<li>Aparecer\u00e1 un listado con todas las cookies ordenadas por dominio. Para que le sea m\u00e1s f\u00e1cil encontrar las cookies de un determinado dominio introduzca parcial o totalmente la direcci\u00f3n en el campo Buscar cookies.<\/li>\n<li>Tras realizar este filtro aparecer\u00e1n en pantalla una o varias l\u00edneas con las cookies de la web solicitada. Ahora s\u00f3lo tiene que seleccionarla y pulsar la X para proceder a su eliminaci\u00f3n.<\/li>\n<\/ol>\n<p><strong>Internet Explorer<\/strong><\/p>\n<p>Para acceder a la configuraci\u00f3n de cookies del navegador Internet Explorer siga estos pasos (pueden variar en funci\u00f3n de la versi\u00f3n del navegador):<\/p>\n<ol>\n<li>Vaya a Herramientas, Opciones de Internet<\/li>\n<li>Haga click en Privacidad.<\/li>\n<li>Mueva el deslizador hasta ajustar el nivel de privacidad que desee.<\/li>\n<\/ol>\n<p><strong>Firefox<\/strong><\/p>\n<p>Para acceder a la configuraci\u00f3n de cookies del navegador Firefox siga estos pasos (pueden variar en funci\u00f3n de la versi\u00f3n del navegador):<\/p>\n<ol>\n<li>Vaya a Opciones o Preferencias seg\u00fan su sistema operativo.<\/li>\n<li>Haga click en Privacidad.<\/li>\n<li>En Historial elija Usar una configuraci\u00f3n personalizada para el historial.<\/li>\n<li>Ahora ver\u00e1 la opci\u00f3n Aceptar cookies, puede activarla o desactivarla seg\u00fan sus preferencias.<\/li>\n<\/ol>\n<p><strong>Safari para OSX<\/strong><\/p>\n<p>Para acceder a la configuraci\u00f3n de cookies del navegador Safari para OSX siga estos pasos (pueden variar en funci\u00f3n de la versi\u00f3n del navegador):<\/p>\n<ol>\n<li>Vaya a Preferencias, luego Privacidad.<\/li>\n<li>En este lugar ver\u00e1 la opci\u00f3n Bloquear cookies para que ajuste el tipo de bloqueo que desea realizar.<\/li>\n<\/ol>\n<p><strong>Safari para iOS<\/strong><\/p>\n<p>Para acceder a la configuraci\u00f3n de cookies del navegador Safari para iOS siga estos pasos (pueden variar en funci\u00f3n de la versi\u00f3n del navegador):<\/p>\n<ol>\n<li>Vaya a Ajustes, luego Safari.<\/li>\n<li>Vaya a Privacidad y Seguridad, ver\u00e1 la opci\u00f3n Bloquear cookies para que ajuste el tipo de bloqueo que desea realizar.<\/li>\n<\/ol>\n<p><strong>Android<\/strong><\/p>\n<p>Para acceder a la configuraci\u00f3n de cookies del navegador para dispositivos Android siga estos pasos (pueden variar en funci\u00f3n de la versi\u00f3n del navegador):<\/p>\n<ol>\n<li>Ejecute el navegador y pulse la tecla Men\u00fa, luego Ajustes.<\/li>\n<li>Vaya a Seguridad y Privacidad, ver\u00e1 la opci\u00f3n Aceptar cookies para que active o desactive la casilla.<\/li>\n<\/ol>\n<p><strong>\u00a0Windows Phone<\/strong><\/p>\n<p>Para acceder a la configuraci\u00f3n de cookies del navegador para dispositivos Windows Phone siga estos pasos (pueden variar en funci\u00f3n de la versi\u00f3n del navegador):<\/p>\n<ol>\n<li>Abra Internet Explorer, luego M\u00e1s, luego Configuraci\u00f3n<\/li>\n<li>Ahora puede activar o desactivar la casilla Permitir cookies.<\/li>\n<\/ol>\n<h3>Aceptaci\u00f3n de cookies<\/h3>\n<p>Si usted contin\u00faa su navegaci\u00f3n una vez informado sobre la Pol\u00edtica de Cookies, entenderemos que acepta la utilizaci\u00f3n de las cookies por parte de la web y aplicaciones. Sin embargo, si usted quiere, puede cambiar la configuraci\u00f3n de cookies en cualquier momento, configurando su navegador para aceptar, o no, las cookies que recibe o para que el navegador le avise cuando un servidor quiera guardar una cookie. Le informamos que en el caso de bloquear o no aceptar la instalaci\u00f3n de cookies, es posible que ciertos servicios no est\u00e9n disponibles sin la utilizaci\u00f3n de \u00e9stas o que no pueda acceder a determinados servicios ni tampoco aprovechar por completo todo lo que nuestras webs y aplicaciones le ofrecen.<\/p>\n<p>Adem\u00e1s del uso de cookies propias de GUARDIAN EXPRESS HOME SL, permitimos a terceros establecer cookies y acceder a ellas en su ordenador. El consentimiento del uso de las cookies de estas empresas est\u00e1 ligado a la navegaci\u00f3n por este sitio.<\/p>\n<p>GUARDIAN EXPRESS HOME SL le agradece que consienta la aceptaci\u00f3n de cookies, esto nos ayuda a obtener datos m\u00e1s precisos que nos permiten mejorar el contenido y el dise\u00f1o de nuestras p\u00e1ginas webs y aplicaciones para adaptarlas a sus preferencias.<\/p>\n<p>En caso de que GUARDIAN EXPRESS HOME SL prestara alg\u00fan tipo de servicio especial en el que determine unas previsiones espec\u00edficas diferentes a \u00e9stas en lo relativo a la protecci\u00f3n de datos personales y la utilizaci\u00f3n de cookies, prevalecer\u00e1n las normas particulares indicadas para ese servicio en particular sobre las presentes.<\/p>\n<p>Al acceder a este sitio web o aplicaci\u00f3n por primera vez, ver\u00e1 una ventana donde se le informa de la utilizaci\u00f3n de las cookies y donde puede consultar esta \u201cPol\u00edtica de cookies\u201d. Si usted consiente la utilizaci\u00f3n de cookies, contin\u00faa navegando o hace clic en alg\u00fan link se entender\u00e1 que usted ha consentido nuestra pol\u00edtica de cookies y por tanto la instalaci\u00f3n de las mismas en su equipo o dispositivo.<\/p>\n<h3>Actualizaciones y cambios en la pol\u00edtica de privacidad \/ cookies<\/h3>\n<p>Las Webs de GUARDIAN EXPRESS HOME SL pueden modificar esta Pol\u00edtica de Cookies en funci\u00f3n de exigencias legislativas, reglamentarias, o con la finalidad de adaptar dicha pol\u00edtica a las instrucciones dictadas por la Agencia Espa\u00f1ola de Protecci\u00f3n de Datos.[\/vc_column_text]<div class=\"spacer\" style=\"height: 75px;\"><\/div>[\/vc_column][\/vc_row]<\/p>\n","protected":false},"excerpt":{"rendered":"<p>[vc_row][vc_column width=\u00bb1\/1&#8243;][vc_column_text]Uso de cookies en las webs y aplicaciones de GUARDIAN EXPRESS HOME SL En&#8230;<\/p>\n","protected":false},"author":1,"featured_media":0,"parent":0,"menu_order":0,"comment_status":"closed","ping_status":"closed","template":"","meta":{"footnotes":"","_joinchat":[]},"yoast_head":"<!-- This site is optimized with the Yoast SEO plugin v18.1 - https:\/\/yoast.com\/wordpress\/plugins\/seo\/ -->\n<title>Pol\u00edtica de cookies -<\/title>\n<meta name=\"robots\" content=\"index, follow, max-snippet:-1, max-image-preview:large, max-video-preview:-1\" \/>\n<link rel=\"canonical\" href=\"https:\/\/www.guardiancristal.es\/PRUEBA\/politica-de-cookies\/\" \/>\n<meta property=\"og:locale\" content=\"es_ES\" \/>\n<meta property=\"og:type\" content=\"article\" \/>\n<meta property=\"og:title\" content=\"Pol\u00edtica de cookies -\" \/>\n<meta property=\"og:description\" content=\"[vc_row][vc_column width=\u00bb1\/1&#8243;][vc_column_text]Uso de cookies en las webs y aplicaciones de GUARDIAN EXPRESS HOME SL En...\" \/>\n<meta property=\"og:url\" content=\"https:\/\/www.guardiancristal.es\/PRUEBA\/politica-de-cookies\/\" \/>\n<meta property=\"article:modified_time\" content=\"2019-11-20T09:16:17+00:00\" \/>\n<meta name=\"twitter:card\" content=\"summary_large_image\" \/>\n<meta name=\"twitter:label1\" content=\"Tiempo de lectura\" \/>\n\t<meta name=\"twitter:data1\" content=\"10 minutos\" \/>\n<script type=\"application\/ld+json\" class=\"yoast-schema-graph\">{\"@context\":\"https:\/\/schema.org\",\"@graph\":[{\"@type\":\"WebSite\",\"@id\":\"https:\/\/www.guardiancristal.es\/PRUEBA\/#website\",\"url\":\"https:\/\/www.guardiancristal.es\/PRUEBA\/\",\"name\":\"\",\"description\":\"\",\"potentialAction\":[{\"@type\":\"SearchAction\",\"target\":{\"@type\":\"EntryPoint\",\"urlTemplate\":\"https:\/\/www.guardiancristal.es\/PRUEBA\/?s={search_term_string}\"},\"query-input\":\"required name=search_term_string\"}],\"inLanguage\":\"es\"},{\"@type\":\"WebPage\",\"@id\":\"https:\/\/www.guardiancristal.es\/PRUEBA\/politica-de-cookies\/#webpage\",\"url\":\"https:\/\/www.guardiancristal.es\/PRUEBA\/politica-de-cookies\/\",\"name\":\"Pol\u00edtica de cookies -\",\"isPartOf\":{\"@id\":\"https:\/\/www.guardiancristal.es\/PRUEBA\/#website\"},\"datePublished\":\"2019-10-17T20:32:56+00:00\",\"dateModified\":\"2019-11-20T09:16:17+00:00\",\"breadcrumb\":{\"@id\":\"https:\/\/www.guardiancristal.es\/PRUEBA\/politica-de-cookies\/#breadcrumb\"},\"inLanguage\":\"es\",\"potentialAction\":[{\"@type\":\"ReadAction\",\"target\":[\"https:\/\/www.guardiancristal.es\/PRUEBA\/politica-de-cookies\/\"]}]},{\"@type\":\"BreadcrumbList\",\"@id\":\"https:\/\/www.guardiancristal.es\/PRUEBA\/politica-de-cookies\/#breadcrumb\",\"itemListElement\":[{\"@type\":\"ListItem\",\"position\":1,\"name\":\"Portada\",\"item\":\"https:\/\/www.guardiancristal.es\/PRUEBA\/\"},{\"@type\":\"ListItem\",\"position\":2,\"name\":\"Pol\u00edtica de cookies\"}]}]}<\/script>\n<!-- \/ Yoast SEO plugin. -->","yoast_head_json":{"title":"Pol\u00edtica de cookies -","robots":{"index":"index","follow":"follow","max-snippet":"max-snippet:-1","max-image-preview":"max-image-preview:large","max-video-preview":"max-video-preview:-1"},"canonical":"https:\/\/www.guardiancristal.es\/PRUEBA\/politica-de-cookies\/","og_locale":"es_ES","og_type":"article","og_title":"Pol\u00edtica de cookies -","og_description":"[vc_row][vc_column width=\u00bb1\/1&#8243;][vc_column_text]Uso de cookies en las webs y aplicaciones de GUARDIAN EXPRESS HOME SL En...","og_url":"https:\/\/www.guardiancristal.es\/PRUEBA\/politica-de-cookies\/","article_modified_time":"2019-11-20T09:16:17+00:00","twitter_card":"summary_large_image","twitter_misc":{"Tiempo de lectura":"10 minutos"},"schema":{"@context":"https:\/\/schema.org","@graph":[{"@type":"WebSite","@id":"https:\/\/www.guardiancristal.es\/PRUEBA\/#website","url":"https:\/\/www.guardiancristal.es\/PRUEBA\/","name":"","description":"","potentialAction":[{"@type":"SearchAction","target":{"@type":"EntryPoint","urlTemplate":"https:\/\/www.guardiancristal.es\/PRUEBA\/?s={search_term_string}"},"query-input":"required name=search_term_string"}],"inLanguage":"es"},{"@type":"WebPage","@id":"https:\/\/www.guardiancristal.es\/PRUEBA\/politica-de-cookies\/#webpage","url":"https:\/\/www.guardiancristal.es\/PRUEBA\/politica-de-cookies\/","name":"Pol\u00edtica de cookies -","isPartOf":{"@id":"https:\/\/www.guardiancristal.es\/PRUEBA\/#website"},"datePublished":"2019-10-17T20:32:56+00:00","dateModified":"2019-11-20T09:16:17+00:00","breadcrumb":{"@id":"https:\/\/www.guardiancristal.es\/PRUEBA\/politica-de-cookies\/#breadcrumb"},"inLanguage":"es","potentialAction":[{"@type":"ReadAction","target":["https:\/\/www.guardiancristal.es\/PRUEBA\/politica-de-cookies\/"]}]},{"@type":"BreadcrumbList","@id":"https:\/\/www.guardiancristal.es\/PRUEBA\/politica-de-cookies\/#breadcrumb","itemListElement":[{"@type":"ListItem","position":1,"name":"Portada","item":"https:\/\/www.guardiancristal.es\/PRUEBA\/"},{"@type":"ListItem","position":2,"name":"Pol\u00edtica de cookies"}]}]}},"_links":{"self":[{"href":"https:\/\/www.guardiancristal.es\/PRUEBA\/wp-json\/wp\/v2\/pages\/15545"}],"collection":[{"href":"https:\/\/www.guardiancristal.es\/PRUEBA\/wp-json\/wp\/v2\/pages"}],"about":[{"href":"https:\/\/www.guardiancristal.es\/PRUEBA\/wp-json\/wp\/v2\/types\/page"}],"author":[{"embeddable":true,"href":"https:\/\/www.guardiancristal.es\/PRUEBA\/wp-json\/wp\/v2\/users\/1"}],"replies":[{"embeddable":true,"href":"https:\/\/www.guardiancristal.es\/PRUEBA\/wp-json\/wp\/v2\/comments?post=15545"}],"version-history":[{"count":3,"href":"https:\/\/www.guardiancristal.es\/PRUEBA\/wp-json\/wp\/v2\/pages\/15545\/revisions"}],"predecessor-version":[{"id":16365,"href":"https:\/\/www.guardiancristal.es\/PRUEBA\/wp-json\/wp\/v2\/pages\/15545\/revisions\/16365"}],"wp:attachment":[{"href":"https:\/\/www.guardiancristal.es\/PRUEBA\/wp-json\/wp\/v2\/media?parent=15545"}],"curies":[{"name":"wp","href":"https:\/\/api.w.org\/{rel}","templated":true}]}}