{"id":15541,"date":"2019-10-17T20:31:22","date_gmt":"2019-10-17T20:31:22","guid":{"rendered":"http:\/\/www.guardiancristal.es\/PRUEBA\/?page_id=15541"},"modified":"2020-12-01T12:37:13","modified_gmt":"2020-12-01T12:37:13","slug":"politica-de-privacidad","status":"publish","type":"page","link":"https:\/\/www.guardiancristal.es\/PRUEBA\/politica-de-privacidad\/","title":{"rendered":"Pol\u00edtica de privacidad"},"content":{"rendered":"<p>[vc_row][vc_column width=\u00bb1\/1&#8243;]<div class=\"spacer\" style=\"height: 75px;\"><\/div>[vc_column_text]El acceso a determinadas \u00e1reas, servicios o recursos del portal, propiedad de<strong>\u00a0Guardian Glass Services<\/strong>, \u00fanicamente ser\u00e1 factible mediante el registro previo del usuario. En estos casos, el usuario deber\u00e1 facilitar ciertos datos de car\u00e1cter personal que ser\u00e1n objeto de tratamiento automatizado o no por parte de\u00a0<strong>Guardian Glass Services<\/strong>, de acuerdo con las finalidades y condiciones establecidas en nuestra Pol\u00edtica de Privacidad de Datos.<\/p>\n<p>Cuando acceda al portal, el sistema donde el mismo est\u00e1 alojado reconoce autom\u00e1ticamente la direcci\u00f3n IP de su ordenador, el d\u00eda y la hora a la que ha entrado, a la que nos ha abandonado, y porque partes de nuestra p\u00e1gina se ha movido. Es necesario que nuestro sistema conozca estos datos de su ordenador por que tiene que poder comunicarse con \u00e9l para enviarle lo que le pida a trav\u00e9s de su navegador y pueda verlo en su pantalla. Ni nuestro sistema ni nosotros mismos podemos conocer sus datos personales, como por ejemplo nombre, direcci\u00f3n, tel\u00e9fono, etc., si no ha sido usted mismo quien nos los ha proporcionado.<\/p>\n<p>El sistema donde se encuentra alojada nuestra p\u00e1gina web utiliza cookies.<\/p>\n<p>El usuario acepta expresamente la inclusi\u00f3n de los datos facilitados en la forma anteriormente indicada, en uno o varios ficheros automatizados o no de datos de car\u00e1cter personal de los que es responsable\u00a0<strong>Guardian Glass Services<\/strong>. Durante el proceso de recogida de los datos, el usuario ser\u00e1 informado de qu\u00e9 datos tiene que facilitar de forma obligatoria para acceder a las \u00e1reas, servicios o recursos del portal que requieren su registro previo.<\/p>\n<p>La recogida de los datos de car\u00e1cter personal anteriormente referidos y su tratamiento automatizado o no en los correspondientes ficheros bajo responsabilidad de\u00a0<strong>Guardian Glass Services<\/strong>, tiene como finalidad la prestaci\u00f3n y gesti\u00f3n de los servicios en los que el usuario se haya registrado, la mejora y ampliaci\u00f3n de los mismos, as\u00ed como la adecuaci\u00f3n de dichos servicios a las caracter\u00edsticas y preferencias del usuario, que permitan ofrecerle un servicio o servicios de su inter\u00e9s de forma personalizada, adecuando nuestras ofertas a dichas preferencias, incluso a trav\u00e9s de la realizaci\u00f3n de estudios sobre dichas preferencias, gustos y h\u00e1bitos de consumo del mismo, empleando eventualmente t\u00e9cnicas de fragmentaci\u00f3n y\/o segmentaci\u00f3n, as\u00ed como la realizaci\u00f3n, comunicaci\u00f3n y env\u00edo, tanto por medios tradicionales como electr\u00f3nicos, de actividades promocionales, comerciales y publicitarias de su inter\u00e9s, relativas a productos y servicios comercializados bien en nuestras tiendas f\u00edsicas, bien en nuestra tienda virtual, e, incluso, el env\u00edo de formularios de encuestas, que el usuario no est\u00e1 obligado a cumplimentar, todo ello actualmente y en el futuro.<\/p>\n<p>El usuario podr\u00e1 ejercer, respecto de los datos recabados en la forma prevista en el apartado anterior, los derechos reconocidos en la Ley Org\u00e1nica 15\/1999, de 13 de diciembre, de Protecci\u00f3n de Datos de Car\u00e1cter Personal, y en particular los derechos de acceso, rectificaci\u00f3n o cancelaci\u00f3n de datos y oposici\u00f3n, si resultase pertinente, as\u00ed como el de revocaci\u00f3n del consentimiento para la cesi\u00f3n de sus datos.<\/p>\n<p>Los derechos referidos en el p\u00e1rrafo anterior podr\u00e1n ser ejercidos por el usuario, indicando debidamente el motivo de su pretensi\u00f3n, mediante solicitud escrita y firmada dirigida a Guardian Express Home S.L., Centro de gesti\u00f3n de clientes, c\/ Juan de Ajuriaguerra, 9-7\u00ba. 48001 Bilbao-Vizcaya, o bien mediante el env\u00edo de un correo electr\u00f3nico a la direcci\u00f3n gtramitacion@guardian.com. Las solicitudes enviadas por correo electr\u00f3nico deber\u00e1n realizarse desde la direcci\u00f3n de correo registrada por el solicitante. En todo caso, el usuario, para ejercer los citados derechos y al objeto de ofrecer garant\u00edas de identificaci\u00f3n del correspondiente solicitante, deber\u00e1 acompa\u00f1ar a su solicitud copia de su Documento Nacional de Identidad o, en su caso, N\u00famero de Identificaci\u00f3n de Extranjeros, en vigor.<\/p>\n<p>Estas mismas direcciones de contacto ser\u00e1n a las que deber\u00e1 dirigir el usuario sus solicitudes de ejercicio de los referidos derechos de acceso, rectificaci\u00f3n o cancelaci\u00f3n de datos y oposici\u00f3n frente a cualesquiera de las compa\u00f1\u00edas a la que se cedan los datos personales, de conformidad con lo previsto en el p\u00e1rrafo siguiente.<\/p>\n<p>Mediante la aceptaci\u00f3n de estas condiciones, el usuario consiente expresamente la cesi\u00f3n o comunicaci\u00f3n de los datos incluidos en el fichero o ficheros anteriormente referidos, a la empresa\u00a0<strong>Guardian Glass Services<\/strong>.<\/p>\n<p><strong>Guardian Glass Services<\/strong>\u00a0se compromete, en la utilizaci\u00f3n de los datos incluidos en el fichero, a respetar su confidencialidad y a utilizarlos de acuerdo con la finalidad del fichero, as\u00ed como a dar cumplimiento a su obligaci\u00f3n de guardarlos y a adoptar todas las medidas para evitar la alteraci\u00f3n, p\u00e9rdida, tratamiento o acceso no autorizado, de acuerdo con lo establecido en el Reglamento de desarrollo de la Ley Org\u00e1nica de Protecci\u00f3n de Datos de Car\u00e1cter Personal, aprobado por el Real Decreto 1720\/2007, de 21 de diciembre. Esto no obstante, se informa al usuario de que las referidas medidas de seguridad no son inquebrantables y\/o invulnerables.<\/p>\n<p>El usuario declara bajo su responsabilidad y garantiza que los datos que facilita a\u00a0<strong>Guardian Glass Services<\/strong>\u00a0son ciertos, correctos y que pertenecen a su persona. En este sentido, ser\u00e1 de obligaci\u00f3n de los usuarios el mantener actualizados las informaciones y datos de tal forma que correspondan con la realidad en cada momento. Cualquier manifestaci\u00f3n falsa o inexacta que se produzca como consecuencia de las informaciones y datos manifestados as\u00ed como los perjuicios que tal informaci\u00f3n pudiera causar, ser\u00e1 responsabilidad de los usuarios.<\/p>\n<p><strong>Guardian Glass Services<\/strong>\u00a0se reserva el derecho de modificar en cualquier momento su Pol\u00edtica de Privacidad de Datos, con la antelaci\u00f3n que razonablemente quepa esperar, al objeto de adaptarla a los cambios legislativos, judiciales o jurisprudencias que puedan afectarla, as\u00ed como a las pr\u00e1cticas de la industria.<\/p>\n<p>Adicionalmente a lo anterior, a los efectos particulares de que el usuario sea o vaya a ser un potencial candidato a un puesto de trabajo en\u00a0<strong>Guardian Glass Services<\/strong>, se informa que en cumplimiento de lo previsto en los art\u00edculos 5 y 6 de la Ley Org\u00e1nica 15\/1999, de Protecci\u00f3n de Datos de Car\u00e1cter Personal, los datos personales proporcionados o enviados por dichos candidatos ser\u00e1n incorporados a un correspondiente fichero dado de alta ante el Registro General de Protecci\u00f3n de Datos y ser\u00e1n utilizados con las exclusivas finalidades de valorar el perfil profesional de los candidatos y de cubrir las necesidades de personal de la empresa. Asimismo, dichos datos ser\u00e1n conservados para actuales o futuros procesos de selecci\u00f3n de\u00a0<strong>Guardian Glass Services<\/strong>\u00a0durante un periodo m\u00ednimo de dieciocho (18) meses desde la \u00faltima actualizaci\u00f3n proporcionada o enviada por los referidos candidatos[\/vc_column_text]<div class=\"spacer\" style=\"height: 75px;\"><\/div>[\/vc_column][\/vc_row]<\/p>\n","protected":false},"excerpt":{"rendered":"<p>[vc_row][vc_column width=\u00bb1\/1&#8243;][vc_column_text]El acceso a determinadas \u00e1reas, servicios o recursos del portal, propiedad de\u00a0Guardian Glass Services,&#8230;<\/p>\n","protected":false},"author":1,"featured_media":0,"parent":0,"menu_order":0,"comment_status":"closed","ping_status":"closed","template":"","meta":{"footnotes":"","_joinchat":[]},"yoast_head":"<!-- This site is optimized with the Yoast SEO plugin v18.1 - https:\/\/yoast.com\/wordpress\/plugins\/seo\/ -->\n<title>Pol\u00edtica de privacidad -<\/title>\n<meta name=\"robots\" content=\"index, follow, max-snippet:-1, max-image-preview:large, max-video-preview:-1\" \/>\n<link rel=\"canonical\" href=\"https:\/\/www.guardiancristal.es\/PRUEBA\/politica-de-privacidad\/\" \/>\n<meta property=\"og:locale\" content=\"es_ES\" \/>\n<meta property=\"og:type\" content=\"article\" \/>\n<meta property=\"og:title\" content=\"Pol\u00edtica de privacidad -\" \/>\n<meta property=\"og:description\" content=\"[vc_row][vc_column width=\u00bb1\/1&#8243;][vc_column_text]El acceso a determinadas \u00e1reas, servicios o recursos del portal, propiedad de\u00a0Guardian Glass Services,...\" \/>\n<meta property=\"og:url\" content=\"https:\/\/www.guardiancristal.es\/PRUEBA\/politica-de-privacidad\/\" \/>\n<meta property=\"article:modified_time\" content=\"2020-12-01T12:37:13+00:00\" \/>\n<meta name=\"twitter:card\" content=\"summary_large_image\" \/>\n<meta name=\"twitter:label1\" content=\"Tiempo de lectura\" \/>\n\t<meta name=\"twitter:data1\" content=\"6 minutos\" \/>\n<script type=\"application\/ld+json\" class=\"yoast-schema-graph\">{\"@context\":\"https:\/\/schema.org\",\"@graph\":[{\"@type\":\"WebSite\",\"@id\":\"https:\/\/www.guardiancristal.es\/PRUEBA\/#website\",\"url\":\"https:\/\/www.guardiancristal.es\/PRUEBA\/\",\"name\":\"\",\"description\":\"\",\"potentialAction\":[{\"@type\":\"SearchAction\",\"target\":{\"@type\":\"EntryPoint\",\"urlTemplate\":\"https:\/\/www.guardiancristal.es\/PRUEBA\/?s={search_term_string}\"},\"query-input\":\"required name=search_term_string\"}],\"inLanguage\":\"es\"},{\"@type\":\"WebPage\",\"@id\":\"https:\/\/www.guardiancristal.es\/PRUEBA\/politica-de-privacidad\/#webpage\",\"url\":\"https:\/\/www.guardiancristal.es\/PRUEBA\/politica-de-privacidad\/\",\"name\":\"Pol\u00edtica de privacidad -\",\"isPartOf\":{\"@id\":\"https:\/\/www.guardiancristal.es\/PRUEBA\/#website\"},\"datePublished\":\"2019-10-17T20:31:22+00:00\",\"dateModified\":\"2020-12-01T12:37:13+00:00\",\"breadcrumb\":{\"@id\":\"https:\/\/www.guardiancristal.es\/PRUEBA\/politica-de-privacidad\/#breadcrumb\"},\"inLanguage\":\"es\",\"potentialAction\":[{\"@type\":\"ReadAction\",\"target\":[\"https:\/\/www.guardiancristal.es\/PRUEBA\/politica-de-privacidad\/\"]}]},{\"@type\":\"BreadcrumbList\",\"@id\":\"https:\/\/www.guardiancristal.es\/PRUEBA\/politica-de-privacidad\/#breadcrumb\",\"itemListElement\":[{\"@type\":\"ListItem\",\"position\":1,\"name\":\"Portada\",\"item\":\"https:\/\/www.guardiancristal.es\/PRUEBA\/\"},{\"@type\":\"ListItem\",\"position\":2,\"name\":\"Pol\u00edtica de privacidad\"}]}]}<\/script>\n<!-- \/ Yoast SEO plugin. -->","yoast_head_json":{"title":"Pol\u00edtica de privacidad -","robots":{"index":"index","follow":"follow","max-snippet":"max-snippet:-1","max-image-preview":"max-image-preview:large","max-video-preview":"max-video-preview:-1"},"canonical":"https:\/\/www.guardiancristal.es\/PRUEBA\/politica-de-privacidad\/","og_locale":"es_ES","og_type":"article","og_title":"Pol\u00edtica de privacidad -","og_description":"[vc_row][vc_column width=\u00bb1\/1&#8243;][vc_column_text]El acceso a determinadas \u00e1reas, servicios o recursos del portal, propiedad de\u00a0Guardian Glass Services,...","og_url":"https:\/\/www.guardiancristal.es\/PRUEBA\/politica-de-privacidad\/","article_modified_time":"2020-12-01T12:37:13+00:00","twitter_card":"summary_large_image","twitter_misc":{"Tiempo de lectura":"6 minutos"},"schema":{"@context":"https:\/\/schema.org","@graph":[{"@type":"WebSite","@id":"https:\/\/www.guardiancristal.es\/PRUEBA\/#website","url":"https:\/\/www.guardiancristal.es\/PRUEBA\/","name":"","description":"","potentialAction":[{"@type":"SearchAction","target":{"@type":"EntryPoint","urlTemplate":"https:\/\/www.guardiancristal.es\/PRUEBA\/?s={search_term_string}"},"query-input":"required name=search_term_string"}],"inLanguage":"es"},{"@type":"WebPage","@id":"https:\/\/www.guardiancristal.es\/PRUEBA\/politica-de-privacidad\/#webpage","url":"https:\/\/www.guardiancristal.es\/PRUEBA\/politica-de-privacidad\/","name":"Pol\u00edtica de privacidad -","isPartOf":{"@id":"https:\/\/www.guardiancristal.es\/PRUEBA\/#website"},"datePublished":"2019-10-17T20:31:22+00:00","dateModified":"2020-12-01T12:37:13+00:00","breadcrumb":{"@id":"https:\/\/www.guardiancristal.es\/PRUEBA\/politica-de-privacidad\/#breadcrumb"},"inLanguage":"es","potentialAction":[{"@type":"ReadAction","target":["https:\/\/www.guardiancristal.es\/PRUEBA\/politica-de-privacidad\/"]}]},{"@type":"BreadcrumbList","@id":"https:\/\/www.guardiancristal.es\/PRUEBA\/politica-de-privacidad\/#breadcrumb","itemListElement":[{"@type":"ListItem","position":1,"name":"Portada","item":"https:\/\/www.guardiancristal.es\/PRUEBA\/"},{"@type":"ListItem","position":2,"name":"Pol\u00edtica de privacidad"}]}]}},"_links":{"self":[{"href":"https:\/\/www.guardiancristal.es\/PRUEBA\/wp-json\/wp\/v2\/pages\/15541"}],"collection":[{"href":"https:\/\/www.guardiancristal.es\/PRUEBA\/wp-json\/wp\/v2\/pages"}],"about":[{"href":"https:\/\/www.guardiancristal.es\/PRUEBA\/wp-json\/wp\/v2\/types\/page"}],"author":[{"embeddable":true,"href":"https:\/\/www.guardiancristal.es\/PRUEBA\/wp-json\/wp\/v2\/users\/1"}],"replies":[{"embeddable":true,"href":"https:\/\/www.guardiancristal.es\/PRUEBA\/wp-json\/wp\/v2\/comments?post=15541"}],"version-history":[{"count":4,"href":"https:\/\/www.guardiancristal.es\/PRUEBA\/wp-json\/wp\/v2\/pages\/15541\/revisions"}],"predecessor-version":[{"id":16526,"href":"https:\/\/www.guardiancristal.es\/PRUEBA\/wp-json\/wp\/v2\/pages\/15541\/revisions\/16526"}],"wp:attachment":[{"href":"https:\/\/www.guardiancristal.es\/PRUEBA\/wp-json\/wp\/v2\/media?parent=15541"}],"curies":[{"name":"wp","href":"https:\/\/api.w.org\/{rel}","templated":true}]}}